{"id":4876,"date":"2025-06-05T15:20:39","date_gmt":"2025-06-05T13:20:39","guid":{"rendered":"https:\/\/firstwire.market\/finanz-unternehmen\/"},"modified":"2025-06-12T19:20:18","modified_gmt":"2025-06-12T17:20:18","slug":"finanz-unternehmen","status":"publish","type":"page","link":"https:\/\/firstwire.market\/de\/finanz-unternehmen\/","title":{"rendered":"Finanz-Unternehmen"},"content":{"rendered":"\t\t<div data-elementor-type=\"wp-page\" data-elementor-id=\"4876\" class=\"elementor elementor-4876 elementor-2715\" data-elementor-post-type=\"page\">\n\t\t\t\t\t\t<section class=\"elementor-section elementor-top-section elementor-element elementor-element-a8a8327 elementor-section-boxed elementor-section-height-default elementor-section-height-default\" data-id=\"a8a8327\" data-element_type=\"section\" data-settings=\"{&quot;background_background&quot;:&quot;classic&quot;,&quot;background_motion_fx_motion_fx_scrolling&quot;:&quot;yes&quot;,&quot;background_motion_fx_devices&quot;:[&quot;desktop&quot;,&quot;tablet&quot;,&quot;mobile&quot;]}\">\n\t\t\t\t\t\t<div class=\"elementor-container elementor-column-gap-default\">\n\t\t\t\t\t<div class=\"elementor-column elementor-col-50 elementor-top-column elementor-element elementor-element-20f1415\" data-id=\"20f1415\" data-element_type=\"column\">\n\t\t\t<div class=\"elementor-widget-wrap elementor-element-populated\">\n\t\t\t\t\t\t<div class=\"elementor-element elementor-element-5f3af15 elementor-invisible elementor-widget elementor-widget-text-editor\" data-id=\"5f3af15\" data-element_type=\"widget\" data-settings=\"{&quot;_animation&quot;:&quot;fadeInLeft&quot;}\" data-widget_type=\"text-editor.default\">\n\t\t\t\t<div class=\"elementor-widget-container\">\n\t\t\t\t\t\t\t\t\t<h2 style=\"color: #002b49; font-size: 300%; margin: 0;\">Finanzierung f\u00fcr<\/h2>\t\t\t\t\t\t\t\t<\/div>\n\t\t\t\t<\/div>\n\t\t\t\t<div class=\"elementor-element elementor-element-0e2e73f elementor-invisible elementor-widget elementor-widget-text-editor\" data-id=\"0e2e73f\" data-element_type=\"widget\" data-settings=\"{&quot;_animation&quot;:&quot;fadeInRight&quot;}\" data-widget_type=\"text-editor.default\">\n\t\t\t\t<div class=\"elementor-widget-container\">\n\t\t\t\t\t\t\t\t\t<h2 style=\"color: #f0b73f; font-size: 300%;\">Unternehmen<\/h2>\t\t\t\t\t\t\t\t<\/div>\n\t\t\t\t<\/div>\n\t\t\t\t<div class=\"elementor-element elementor-element-c9b3a1d elementor-hidden-desktop elementor-hidden-tablet elementor-widget elementor-widget-image\" data-id=\"c9b3a1d\" data-element_type=\"widget\" data-widget_type=\"image.default\">\n\t\t\t\t<div class=\"elementor-widget-container\">\n\t\t\t\t\t\t\t\t\t\t\t\t\t\t\t<img fetchpriority=\"high\" decoding=\"async\" width=\"547\" height=\"655\" src=\"https:\/\/firstwire.market\/wp-content\/uploads\/2025\/04\/finanzierung-unternehmen1.jpg\" class=\"attachment-large size-large wp-image-4362\" alt=\"\" srcset=\"https:\/\/firstwire.market\/wp-content\/uploads\/2025\/04\/finanzierung-unternehmen1.jpg 547w, https:\/\/firstwire.market\/wp-content\/uploads\/2025\/04\/finanzierung-unternehmen1-251x300.jpg 251w\" sizes=\"(max-width: 547px) 100vw, 547px\" \/>\t\t\t\t\t\t\t\t\t\t\t\t\t\t\t<\/div>\n\t\t\t\t<\/div>\n\t\t\t\t<div class=\"elementor-element elementor-element-6a49b20 elementor-widget elementor-widget-text-editor\" data-id=\"6a49b20\" data-element_type=\"widget\" data-widget_type=\"text-editor.default\">\n\t\t\t\t<div class=\"elementor-widget-container\">\n\t\t\t\t\t\t\t\t\t<p>Nach einigen Jahren auf dem Trading Floor einer Gro\u00dfbank haben wir uns die Frage gestellt, weshalb Treasurer Investmentbanken bei Prim\u00e4rmarkttransaktionen \u00fcberproportionale Geb\u00fchren entrichten. Schliesslich bieten die meisten Arrangeure keinen faktischen Risikotransfer an (Underwriting). So entstand die Idee eines transparenten und daten-basierten Marktplatzes, welcher asymmetrische Informationen rationalisiert, somit seinen Teilnehmern und nicht Intermedi\u00e4ren dient.<br \/><br \/>Durch unsere Arbeit mit Gro\u00dfunternehmen und dank des Erfahrungsschatzes vieler Jahre bieten wir auch mittelst\u00e4ndischen Unternehmen mit Ums\u00e4tzen &lt; EUR 1 Mrd. unsere Dienstleistungen hinsichtlich Beratung &amp; Platzierung ihrer Finanzierung an.<br \/><br \/>Wir freuen uns auf Ihre Finanzierungsanfrage.<\/p>\t\t\t\t\t\t\t\t<\/div>\n\t\t\t\t<\/div>\n\t\t\t\t<div class=\"elementor-element elementor-element-abb3189 elementor-align-left elementor-widget elementor-widget-button\" data-id=\"abb3189\" data-element_type=\"widget\" data-widget_type=\"button.default\">\n\t\t\t\t<div class=\"elementor-widget-container\">\n\t\t\t\t\t\t\t\t\t<div class=\"elementor-button-wrapper\">\n\t\t\t\t\t<a class=\"elementor-button elementor-button-link elementor-size-sm\" href=\"#elementor-action%3Aaction%3Dpopup%3Aopen%26settings%3DeyJpZCI6MjU2OCwidG9nZ2xlIjpmYWxzZX0%3D\">\n\t\t\t\t\t\t<span class=\"elementor-button-content-wrapper\">\n\t\t\t\t\t\t<span class=\"elementor-button-icon\">\n\t\t\t\t<i aria-hidden=\"true\" class=\"fas fa-arrow-circle-right\"><\/i>\t\t\t<\/span>\n\t\t\t\t\t\t\t\t\t<span class=\"elementor-button-text\">Jetzt Anfrage stellen<\/span>\n\t\t\t\t\t<\/span>\n\t\t\t\t\t<\/a>\n\t\t\t\t<\/div>\n\t\t\t\t\t\t\t\t<\/div>\n\t\t\t\t<\/div>\n\t\t\t\t\t<\/div>\n\t\t<\/div>\n\t\t\t\t<div class=\"elementor-column elementor-col-50 elementor-top-column elementor-element elementor-element-463d43b\" data-id=\"463d43b\" data-element_type=\"column\" data-settings=\"{&quot;background_background&quot;:&quot;classic&quot;}\">\n\t\t\t<div class=\"elementor-widget-wrap elementor-element-populated\">\n\t\t\t\t\t\t<div class=\"elementor-element elementor-element-6cee806 elementor-hidden-mobile elementor-invisible elementor-widget elementor-widget-image\" data-id=\"6cee806\" data-element_type=\"widget\" data-settings=\"{&quot;_animation&quot;:&quot;fadeInUp&quot;}\" data-widget_type=\"image.default\">\n\t\t\t\t<div class=\"elementor-widget-container\">\n\t\t\t\t\t\t\t\t\t\t\t\t\t\t\t<img fetchpriority=\"high\" decoding=\"async\" width=\"547\" height=\"655\" src=\"https:\/\/firstwire.market\/wp-content\/uploads\/2025\/04\/finanzierung-unternehmen1.jpg\" class=\"attachment-large size-large wp-image-4362\" alt=\"\" srcset=\"https:\/\/firstwire.market\/wp-content\/uploads\/2025\/04\/finanzierung-unternehmen1.jpg 547w, https:\/\/firstwire.market\/wp-content\/uploads\/2025\/04\/finanzierung-unternehmen1-251x300.jpg 251w\" sizes=\"(max-width: 547px) 100vw, 547px\" \/>\t\t\t\t\t\t\t\t\t\t\t\t\t\t\t<\/div>\n\t\t\t\t<\/div>\n\t\t\t\t\t<\/div>\n\t\t<\/div>\n\t\t\t\t\t<\/div>\n\t\t<\/section>\n\t\t<div class=\"elementor-element elementor-element-f043b93 e-flex e-con-boxed e-con e-parent\" data-id=\"f043b93\" data-element_type=\"container\">\n\t\t\t\t\t<div class=\"e-con-inner\">\n\t\t\t\t<div class=\"elementor-element elementor-element-4453cc5 elementor-widget elementor-widget-heading\" data-id=\"4453cc5\" data-element_type=\"widget\" data-widget_type=\"heading.default\">\n\t\t\t\t<div class=\"elementor-widget-container\">\n\t\t\t\t\t<h2 class=\"elementor-heading-title elementor-size-default\">Kennzahlen<\/h2>\t\t\t\t<\/div>\n\t\t\t\t<\/div>\n\t\t\t\t\t<\/div>\n\t\t\t\t<\/div>\n\t\t\t\t<section class=\"elementor-section elementor-top-section elementor-element elementor-element-4e05a496 elementor-section-boxed elementor-section-height-default elementor-section-height-default\" data-id=\"4e05a496\" data-element_type=\"section\">\n\t\t\t\t\t\t<div class=\"elementor-container elementor-column-gap-default\">\n\t\t\t\t\t<div class=\"elementor-column elementor-col-100 elementor-top-column elementor-element elementor-element-574676f\" data-id=\"574676f\" data-element_type=\"column\" data-settings=\"{&quot;background_background&quot;:&quot;classic&quot;}\">\n\t\t\t<div class=\"elementor-widget-wrap elementor-element-populated\">\n\t\t\t\t\t\t<section class=\"elementor-section elementor-inner-section elementor-element elementor-element-7297be44 elementor-section-boxed elementor-section-height-default elementor-section-height-default\" data-id=\"7297be44\" data-element_type=\"section\">\n\t\t\t\t\t\t<div class=\"elementor-container elementor-column-gap-default\">\n\t\t\t\t\t<div class=\"elementor-column elementor-col-33 elementor-inner-column elementor-element elementor-element-292144ee\" data-id=\"292144ee\" data-element_type=\"column\">\n\t\t\t<div class=\"elementor-widget-wrap elementor-element-populated\">\n\t\t\t\t\t\t<div class=\"elementor-element elementor-element-477d4f62 elementor-widget elementor-widget-counter\" data-id=\"477d4f62\" data-element_type=\"widget\" data-widget_type=\"counter.default\">\n\t\t\t\t<div class=\"elementor-widget-container\">\n\t\t\t\t\t\t\t<div class=\"elementor-counter\">\n\t\t\t<span class=\"elementor-counter-title\"><p style=\"text-align: center\"><b style=\"font-size:120%\">Min. Anfrage<\/b><br>Investitionsdarlehen<br>(f\u00fcr einen dt. Mittelst\u00e4ndler)<\/p><\/span>\t\t\t<div class=\"elementor-counter-number-wrapper\">\n\t\t\t\t<span class=\"elementor-counter-number-prefix\"><\/span>\n\t\t\t\t<span class=\"elementor-counter-number\" data-duration=\"2000\" data-to-value=\"10\" data-from-value=\"0\" data-delimiter=\",\">0<\/span>\n\t\t\t\t<span class=\"elementor-counter-number-suffix\"> Mio. \u20ac<\/span>\n\t\t\t<\/div>\n\t\t<\/div>\n\t\t\t\t\t\t<\/div>\n\t\t\t\t<\/div>\n\t\t\t\t\t<\/div>\n\t\t<\/div>\n\t\t\t\t<div class=\"elementor-column elementor-col-33 elementor-inner-column elementor-element elementor-element-60c29a39\" data-id=\"60c29a39\" data-element_type=\"column\">\n\t\t\t<div class=\"elementor-widget-wrap elementor-element-populated\">\n\t\t\t\t\t\t<div class=\"elementor-element elementor-element-237ef1ac elementor-widget elementor-widget-counter\" data-id=\"237ef1ac\" data-element_type=\"widget\" data-widget_type=\"counter.default\">\n\t\t\t\t<div class=\"elementor-widget-container\">\n\t\t\t\t\t\t\t<div class=\"elementor-counter\">\n\t\t\t<div class=\"elementor-counter-title\"><p style=\"text-align: center\"><b style=\"font-size:120%\">Max. Anfrage<\/b> <br>Privatplatzierung<br>(Senior unbesichert)<\/p><\/div>\t\t\t<div class=\"elementor-counter-number-wrapper\">\n\t\t\t\t<span class=\"elementor-counter-number-prefix\"><\/span>\n\t\t\t\t<span class=\"elementor-counter-number\" data-duration=\"2000\" data-to-value=\"200\" data-from-value=\"0\" data-delimiter=\",\">0<\/span>\n\t\t\t\t<span class=\"elementor-counter-number-suffix\"> Mio. \u20ac<\/span>\n\t\t\t<\/div>\n\t\t<\/div>\n\t\t\t\t\t\t<\/div>\n\t\t\t\t<\/div>\n\t\t\t\t\t<\/div>\n\t\t<\/div>\n\t\t\t\t<div class=\"elementor-column elementor-col-33 elementor-inner-column elementor-element elementor-element-3e437ff6\" data-id=\"3e437ff6\" data-element_type=\"column\">\n\t\t\t<div class=\"elementor-widget-wrap elementor-element-populated\">\n\t\t\t\t\t\t<div class=\"elementor-element elementor-element-62c9e2c4 elementor-widget elementor-widget-counter\" data-id=\"62c9e2c4\" data-element_type=\"widget\" data-widget_type=\"counter.default\">\n\t\t\t\t<div class=\"elementor-widget-container\">\n\t\t\t\t\t\t\t<div class=\"elementor-counter\">\n\t\t\t<div class=\"elementor-counter-title\"><p style=\"text-align: center\"><b style=\"font-size:120%\">Schnellste Auszahlung<\/b><br>Blockchain Transaktion<br>(Instant Settlement)<\/p><\/div>\t\t\t<div class=\"elementor-counter-number-wrapper\">\n\t\t\t\t<span class=\"elementor-counter-number-prefix\">ca. <\/span>\n\t\t\t\t<span class=\"elementor-counter-number\" data-duration=\"2000\" data-to-value=\"1\" data-from-value=\"0\" data-delimiter=\",\">0<\/span>\n\t\t\t\t<span class=\"elementor-counter-number-suffix\"> Sek. <\/span>\n\t\t\t<\/div>\n\t\t<\/div>\n\t\t\t\t\t\t<\/div>\n\t\t\t\t<\/div>\n\t\t\t\t\t<\/div>\n\t\t<\/div>\n\t\t\t\t\t<\/div>\n\t\t<\/section>\n\t\t\t\t\t<\/div>\n\t\t<\/div>\n\t\t\t\t\t<\/div>\n\t\t<\/section>\n\t\t\t\t<section class=\"elementor-section elementor-top-section elementor-element elementor-element-21dd2511 elementor-section-content-middle elementor-section-boxed elementor-section-height-default elementor-section-height-default\" data-id=\"21dd2511\" data-element_type=\"section\" data-settings=\"{&quot;background_background&quot;:&quot;classic&quot;}\">\n\t\t\t\t\t\t<div class=\"elementor-container elementor-column-gap-no\">\n\t\t\t\t\t<div class=\"elementor-column elementor-col-50 elementor-top-column elementor-element elementor-element-6e2de8ef\" data-id=\"6e2de8ef\" data-element_type=\"column\">\n\t\t\t<div class=\"elementor-widget-wrap elementor-element-populated\">\n\t\t\t\t\t\t<div class=\"elementor-element elementor-element-3eaf1f1d elementor-widget elementor-widget-menu-anchor\" data-id=\"3eaf1f1d\" data-element_type=\"widget\" data-widget_type=\"menu-anchor.default\">\n\t\t\t\t<div class=\"elementor-widget-container\">\n\t\t\t\t\t\t\t<div class=\"elementor-menu-anchor\" id=\"kontakt\"><\/div>\n\t\t\t\t\t\t<\/div>\n\t\t\t\t<\/div>\n\t\t\t\t<div class=\"elementor-element elementor-element-785214fb e-transform elementor-invisible elementor-widget elementor-widget-text-editor\" data-id=\"785214fb\" data-element_type=\"widget\" data-settings=\"{&quot;_animation&quot;:&quot;fadeInDown&quot;,&quot;_transform_rotateZ_effect&quot;:{&quot;unit&quot;:&quot;px&quot;,&quot;size&quot;:&quot;&quot;,&quot;sizes&quot;:[]},&quot;_transform_rotateZ_effect_tablet&quot;:{&quot;unit&quot;:&quot;deg&quot;,&quot;size&quot;:&quot;&quot;,&quot;sizes&quot;:[]},&quot;_transform_rotateZ_effect_mobile&quot;:{&quot;unit&quot;:&quot;deg&quot;,&quot;size&quot;:&quot;&quot;,&quot;sizes&quot;:[]}}\" data-widget_type=\"text-editor.default\">\n\t\t\t\t<div class=\"elementor-widget-container\">\n\t\t\t\t\t\t\t\t\t<h2 style=\"font-size: 250%; text-align: left;\"><span style=\"color: #f0b73f;\">Bei Fragen und Anregungen: <\/span><span style=\"color: #002b49;\">In Kontakt bleiben<\/span><\/h2>\t\t\t\t\t\t\t\t<\/div>\n\t\t\t\t<\/div>\n\t\t\t\t<div class=\"elementor-element elementor-element-4afed6a3 elementor-widget elementor-widget-text-editor\" data-id=\"4afed6a3\" data-element_type=\"widget\" data-widget_type=\"text-editor.default\">\n\t\t\t\t<div class=\"elementor-widget-container\">\n\t\t\t\t\t\t\t\t\t<p>info@firstwire.market<br>+ 49 (0) 221 677 78 85 -0<\/p>\t\t\t\t\t\t\t\t<\/div>\n\t\t\t\t<\/div>\n\t\t\t\t<div class=\"elementor-element elementor-element-7186c2 elementor-shape-square e-grid-align-left elementor-grid-0 elementor-widget elementor-widget-social-icons\" data-id=\"7186c2\" data-element_type=\"widget\" data-widget_type=\"social-icons.default\">\n\t\t\t\t<div class=\"elementor-widget-container\">\n\t\t\t\t\t\t\t<div class=\"elementor-social-icons-wrapper elementor-grid\">\n\t\t\t\t\t\t\t<span class=\"elementor-grid-item\">\n\t\t\t\t\t<a class=\"elementor-icon elementor-social-icon elementor-social-icon-linkedin elementor-animation-grow elementor-repeater-item-fe018c6\" href=\"https:\/\/www.linkedin.com\/company\/firstwire-gmbh\/\" target=\"_blank\">\n\t\t\t\t\t\t<span class=\"elementor-screen-only\">Linkedin<\/span>\n\t\t\t\t\t\t<i class=\"fab fa-linkedin\"><\/i>\t\t\t\t\t<\/a>\n\t\t\t\t<\/span>\n\t\t\t\t\t<\/div>\n\t\t\t\t\t\t<\/div>\n\t\t\t\t<\/div>\n\t\t\t\t\t<\/div>\n\t\t<\/div>\n\t\t\t\t<div class=\"elementor-column elementor-col-50 elementor-top-column elementor-element elementor-element-61e71654\" data-id=\"61e71654\" data-element_type=\"column\">\n\t\t\t<div class=\"elementor-widget-wrap elementor-element-populated\">\n\t\t\t\t\t\t<div class=\"elementor-element elementor-element-4beb028c elementor-widget elementor-widget-google_maps\" data-id=\"4beb028c\" data-element_type=\"widget\" data-widget_type=\"google_maps.default\">\n\t\t\t\t<div class=\"elementor-widget-container\">\n\t\t\t\t\t\t\t<div class=\"elementor-custom-embed\">\n\t\t\t<iframe loading=\"lazy\"\n\t\t\t\t\tsrc=\"https:\/\/maps.google.com\/maps?q=Siegburger%20Stra%C3%9Fe%20149-151%2050679%20K%C3%B6ln%2C%20Germany&#038;t=m&#038;z=18&#038;output=embed&#038;iwloc=near\"\n\t\t\t\t\ttitle=\"Siegburger Stra\u00dfe 149-151 50679 K\u00f6ln, Germany\"\n\t\t\t\t\taria-label=\"Siegburger Stra\u00dfe 149-151 50679 K\u00f6ln, Germany\"\n\t\t\t><\/iframe>\n\t\t<\/div>\n\t\t\t\t\t\t<\/div>\n\t\t\t\t<\/div>\n\t\t\t\t\t<\/div>\n\t\t<\/div>\n\t\t\t\t\t<\/div>\n\t\t<\/section>\n\t\t\t\t<\/div>\n\t\t","protected":false},"excerpt":{"rendered":"<p>Finanzierung f\u00fcr Unternehmen Nach einigen Jahren auf dem Trading Floor einer Gro\u00dfbank haben wir uns die Frage gestellt, weshalb Treasurer Investmentbanken bei Prim\u00e4rmarkttransaktionen \u00fcberproportionale Geb\u00fchren entrichten. Schliesslich bieten die meisten Arrangeure keinen faktischen Risikotransfer an (Underwriting). So entstand die Idee eines transparenten und daten-basierten Marktplatzes, welcher asymmetrische Informationen rationalisiert, somit seinen Teilnehmern und nicht Intermedi\u00e4ren [&hellip;]<\/p>\n","protected":false},"author":2,"featured_media":1465,"parent":0,"menu_order":0,"comment_status":"closed","ping_status":"closed","template":"","meta":{"footnotes":""},"class_list":["post-4876","page","type-page","status-publish","has-post-thumbnail","hentry"],"yoast_head":"<!-- This site is optimized with the Yoast SEO plugin v25.3 - https:\/\/yoast.com\/wordpress\/plugins\/seo\/ -->\n<title>Finanz-Unternehmen - firstwire<\/title>\n<meta name=\"robots\" content=\"index, follow, max-snippet:-1, max-image-preview:large, max-video-preview:-1\" \/>\n<link rel=\"canonical\" href=\"https:\/\/firstwire.market\/de\/finanz-unternehmen\/\" \/>\n<meta property=\"og:locale\" content=\"de_DE\" \/>\n<meta property=\"og:type\" content=\"article\" \/>\n<meta property=\"og:title\" content=\"Finanz-Unternehmen - firstwire\" \/>\n<meta property=\"og:description\" content=\"Finanzierung f\u00fcr Unternehmen Nach einigen Jahren auf dem Trading Floor einer Gro\u00dfbank haben wir uns die Frage gestellt, weshalb Treasurer Investmentbanken bei Prim\u00e4rmarkttransaktionen \u00fcberproportionale Geb\u00fchren entrichten. Schliesslich bieten die meisten Arrangeure keinen faktischen Risikotransfer an (Underwriting). So entstand die Idee eines transparenten und daten-basierten Marktplatzes, welcher asymmetrische Informationen rationalisiert, somit seinen Teilnehmern und nicht Intermedi\u00e4ren [&hellip;]\" \/>\n<meta property=\"og:url\" content=\"https:\/\/firstwire.market\/de\/finanz-unternehmen\/\" \/>\n<meta property=\"og:site_name\" content=\"firstwire\" \/>\n<meta property=\"article:modified_time\" content=\"2025-06-12T17:20:18+00:00\" \/>\n<meta property=\"og:image\" content=\"https:\/\/firstwire.market\/wp-content\/uploads\/2025\/02\/slider-bg.jpg\" \/>\n\t<meta property=\"og:image:width\" content=\"1512\" \/>\n\t<meta property=\"og:image:height\" content=\"655\" \/>\n\t<meta property=\"og:image:type\" content=\"image\/jpeg\" \/>\n<meta name=\"twitter:card\" content=\"summary_large_image\" \/>\n<meta name=\"twitter:label1\" content=\"Gesch\u00e4tzte Lesezeit\" \/>\n\t<meta name=\"twitter:data1\" content=\"1\u00a0Minute\" \/>\n<script type=\"application\/ld+json\" class=\"yoast-schema-graph\">{\"@context\":\"https:\/\/schema.org\",\"@graph\":[{\"@type\":\"WebPage\",\"@id\":\"https:\/\/firstwire.market\/de\/finanz-unternehmen\/\",\"url\":\"https:\/\/firstwire.market\/de\/finanz-unternehmen\/\",\"name\":\"Finanz-Unternehmen - firstwire\",\"isPartOf\":{\"@id\":\"https:\/\/firstwire.market\/de\/#website\"},\"primaryImageOfPage\":{\"@id\":\"https:\/\/firstwire.market\/de\/finanz-unternehmen\/#primaryimage\"},\"image\":{\"@id\":\"https:\/\/firstwire.market\/de\/finanz-unternehmen\/#primaryimage\"},\"thumbnailUrl\":\"https:\/\/firstwire.market\/wp-content\/uploads\/2025\/02\/slider-bg.jpg\",\"datePublished\":\"2025-06-05T13:20:39+00:00\",\"dateModified\":\"2025-06-12T17:20:18+00:00\",\"inLanguage\":\"de\",\"potentialAction\":[{\"@type\":\"ReadAction\",\"target\":[\"https:\/\/firstwire.market\/de\/finanz-unternehmen\/\"]}]},{\"@type\":\"ImageObject\",\"inLanguage\":\"de\",\"@id\":\"https:\/\/firstwire.market\/de\/finanz-unternehmen\/#primaryimage\",\"url\":\"https:\/\/firstwire.market\/wp-content\/uploads\/2025\/02\/slider-bg.jpg\",\"contentUrl\":\"https:\/\/firstwire.market\/wp-content\/uploads\/2025\/02\/slider-bg.jpg\",\"width\":1512,\"height\":655},{\"@type\":\"WebSite\",\"@id\":\"https:\/\/firstwire.market\/de\/#website\",\"url\":\"https:\/\/firstwire.market\/de\/\",\"name\":\"firstwire\",\"description\":\"Your place for debt capital markets\",\"publisher\":{\"@id\":\"https:\/\/firstwire.market\/de\/#organization\"},\"potentialAction\":[{\"@type\":\"SearchAction\",\"target\":{\"@type\":\"EntryPoint\",\"urlTemplate\":\"https:\/\/firstwire.market\/de\/?s={search_term_string}\"},\"query-input\":{\"@type\":\"PropertyValueSpecification\",\"valueRequired\":true,\"valueName\":\"search_term_string\"}}],\"inLanguage\":\"de\"},{\"@type\":\"Organization\",\"@id\":\"https:\/\/firstwire.market\/de\/#organization\",\"name\":\"firstwire\",\"url\":\"https:\/\/firstwire.market\/de\/\",\"logo\":{\"@type\":\"ImageObject\",\"inLanguage\":\"de\",\"@id\":\"https:\/\/firstwire.market\/de\/#\/schema\/logo\/image\/\",\"url\":\"https:\/\/firstwire.market\/wp-content\/uploads\/2021\/11\/logo-firstwire.svg\",\"contentUrl\":\"https:\/\/firstwire.market\/wp-content\/uploads\/2021\/11\/logo-firstwire.svg\",\"width\":162,\"height\":72,\"caption\":\"firstwire\"},\"image\":{\"@id\":\"https:\/\/firstwire.market\/de\/#\/schema\/logo\/image\/\"}}]}<\/script>\n<!-- \/ Yoast SEO plugin. -->","yoast_head_json":{"title":"Finanz-Unternehmen - firstwire","robots":{"index":"index","follow":"follow","max-snippet":"max-snippet:-1","max-image-preview":"max-image-preview:large","max-video-preview":"max-video-preview:-1"},"canonical":"https:\/\/firstwire.market\/de\/finanz-unternehmen\/","og_locale":"de_DE","og_type":"article","og_title":"Finanz-Unternehmen - firstwire","og_description":"Finanzierung f\u00fcr Unternehmen Nach einigen Jahren auf dem Trading Floor einer Gro\u00dfbank haben wir uns die Frage gestellt, weshalb Treasurer Investmentbanken bei Prim\u00e4rmarkttransaktionen \u00fcberproportionale Geb\u00fchren entrichten. Schliesslich bieten die meisten Arrangeure keinen faktischen Risikotransfer an (Underwriting). So entstand die Idee eines transparenten und daten-basierten Marktplatzes, welcher asymmetrische Informationen rationalisiert, somit seinen Teilnehmern und nicht Intermedi\u00e4ren [&hellip;]","og_url":"https:\/\/firstwire.market\/de\/finanz-unternehmen\/","og_site_name":"firstwire","article_modified_time":"2025-06-12T17:20:18+00:00","og_image":[{"width":1512,"height":655,"url":"https:\/\/firstwire.market\/wp-content\/uploads\/2025\/02\/slider-bg.jpg","type":"image\/jpeg"}],"twitter_card":"summary_large_image","twitter_misc":{"Gesch\u00e4tzte Lesezeit":"1\u00a0Minute"},"schema":{"@context":"https:\/\/schema.org","@graph":[{"@type":"WebPage","@id":"https:\/\/firstwire.market\/de\/finanz-unternehmen\/","url":"https:\/\/firstwire.market\/de\/finanz-unternehmen\/","name":"Finanz-Unternehmen - firstwire","isPartOf":{"@id":"https:\/\/firstwire.market\/de\/#website"},"primaryImageOfPage":{"@id":"https:\/\/firstwire.market\/de\/finanz-unternehmen\/#primaryimage"},"image":{"@id":"https:\/\/firstwire.market\/de\/finanz-unternehmen\/#primaryimage"},"thumbnailUrl":"https:\/\/firstwire.market\/wp-content\/uploads\/2025\/02\/slider-bg.jpg","datePublished":"2025-06-05T13:20:39+00:00","dateModified":"2025-06-12T17:20:18+00:00","inLanguage":"de","potentialAction":[{"@type":"ReadAction","target":["https:\/\/firstwire.market\/de\/finanz-unternehmen\/"]}]},{"@type":"ImageObject","inLanguage":"de","@id":"https:\/\/firstwire.market\/de\/finanz-unternehmen\/#primaryimage","url":"https:\/\/firstwire.market\/wp-content\/uploads\/2025\/02\/slider-bg.jpg","contentUrl":"https:\/\/firstwire.market\/wp-content\/uploads\/2025\/02\/slider-bg.jpg","width":1512,"height":655},{"@type":"WebSite","@id":"https:\/\/firstwire.market\/de\/#website","url":"https:\/\/firstwire.market\/de\/","name":"firstwire","description":"Your place for debt capital markets","publisher":{"@id":"https:\/\/firstwire.market\/de\/#organization"},"potentialAction":[{"@type":"SearchAction","target":{"@type":"EntryPoint","urlTemplate":"https:\/\/firstwire.market\/de\/?s={search_term_string}"},"query-input":{"@type":"PropertyValueSpecification","valueRequired":true,"valueName":"search_term_string"}}],"inLanguage":"de"},{"@type":"Organization","@id":"https:\/\/firstwire.market\/de\/#organization","name":"firstwire","url":"https:\/\/firstwire.market\/de\/","logo":{"@type":"ImageObject","inLanguage":"de","@id":"https:\/\/firstwire.market\/de\/#\/schema\/logo\/image\/","url":"https:\/\/firstwire.market\/wp-content\/uploads\/2021\/11\/logo-firstwire.svg","contentUrl":"https:\/\/firstwire.market\/wp-content\/uploads\/2021\/11\/logo-firstwire.svg","width":162,"height":72,"caption":"firstwire"},"image":{"@id":"https:\/\/firstwire.market\/de\/#\/schema\/logo\/image\/"}}]}},"_links":{"self":[{"href":"https:\/\/firstwire.market\/de\/wp-json\/wp\/v2\/pages\/4876","targetHints":{"allow":["GET"]}}],"collection":[{"href":"https:\/\/firstwire.market\/de\/wp-json\/wp\/v2\/pages"}],"about":[{"href":"https:\/\/firstwire.market\/de\/wp-json\/wp\/v2\/types\/page"}],"author":[{"embeddable":true,"href":"https:\/\/firstwire.market\/de\/wp-json\/wp\/v2\/users\/2"}],"replies":[{"embeddable":true,"href":"https:\/\/firstwire.market\/de\/wp-json\/wp\/v2\/comments?post=4876"}],"version-history":[{"count":27,"href":"https:\/\/firstwire.market\/de\/wp-json\/wp\/v2\/pages\/4876\/revisions"}],"predecessor-version":[{"id":5686,"href":"https:\/\/firstwire.market\/de\/wp-json\/wp\/v2\/pages\/4876\/revisions\/5686"}],"wp:featuredmedia":[{"embeddable":true,"href":"https:\/\/firstwire.market\/de\/wp-json\/wp\/v2\/media\/1465"}],"wp:attachment":[{"href":"https:\/\/firstwire.market\/de\/wp-json\/wp\/v2\/media?parent=4876"}],"curies":[{"name":"wp","href":"https:\/\/api.w.org\/{rel}","templated":true}]}}