{"id":4852,"date":"2025-06-05T13:59:01","date_gmt":"2025-06-05T11:59:01","guid":{"rendered":"https:\/\/firstwire.market\/ueber-uns\/"},"modified":"2025-06-12T19:17:34","modified_gmt":"2025-06-12T17:17:34","slug":"ueber-uns","status":"publish","type":"page","link":"https:\/\/firstwire.market\/de\/ueber-uns\/","title":{"rendered":"\u00dcber uns"},"content":{"rendered":"\t\t<div data-elementor-type=\"wp-page\" data-elementor-id=\"4852\" class=\"elementor elementor-4852 elementor-2951\" data-elementor-post-type=\"page\">\n\t\t\t\t\t\t<section class=\"elementor-section elementor-top-section elementor-element elementor-element-2af3d191 elementor-section-boxed elementor-section-height-default elementor-section-height-default\" data-id=\"2af3d191\" data-element_type=\"section\" data-settings=\"{&quot;background_background&quot;:&quot;classic&quot;}\">\n\t\t\t\t\t\t<div class=\"elementor-container elementor-column-gap-default\">\n\t\t\t\t\t<div class=\"elementor-column elementor-col-100 elementor-top-column elementor-element elementor-element-78529565\" data-id=\"78529565\" data-element_type=\"column\">\n\t\t\t<div class=\"elementor-widget-wrap elementor-element-populated\">\n\t\t\t\t\t\t<div class=\"elementor-element elementor-element-5f3af15 elementor-widget elementor-widget-text-editor\" data-id=\"5f3af15\" data-element_type=\"widget\" data-widget_type=\"text-editor.default\">\n\t\t\t\t<div class=\"elementor-widget-container\">\n\t\t\t\t\t\t\t\t\t<h2 style=\"color: #002b49; font-size: 300%; margin: 0;\">\u00dcber uns<\/h2>\n<h2>Effizient und transparent. So funktioniert firstwire<\/h2>\t\t\t\t\t\t\t\t<\/div>\n\t\t\t\t<\/div>\n\t\t\t\t<section class=\"elementor-section elementor-inner-section elementor-element elementor-element-7a0695e6 elementor-section-boxed elementor-section-height-default elementor-section-height-default\" data-id=\"7a0695e6\" data-element_type=\"section\">\n\t\t\t\t\t\t<div class=\"elementor-container elementor-column-gap-default\">\n\t\t\t\t\t<div class=\"elementor-column elementor-col-50 elementor-inner-column elementor-element elementor-element-47b6d50e\" data-id=\"47b6d50e\" data-element_type=\"column\">\n\t\t\t<div class=\"elementor-widget-wrap elementor-element-populated\">\n\t\t\t\t\t\t<div class=\"elementor-element elementor-element-6d25b3d9 elementor-widget elementor-widget-image\" data-id=\"6d25b3d9\" data-element_type=\"widget\" data-widget_type=\"image.default\">\n\t\t\t\t<div class=\"elementor-widget-container\">\n\t\t\t\t\t\t\t\t\t\t\t\t\t\t\t<img fetchpriority=\"high\" decoding=\"async\" width=\"640\" height=\"570\" src=\"https:\/\/firstwire.market\/wp-content\/uploads\/2025\/03\/Legal-Advice.png\" class=\"attachment-large size-large wp-image-2948\" alt=\"\" srcset=\"https:\/\/firstwire.market\/wp-content\/uploads\/2025\/03\/Legal-Advice.png 640w, https:\/\/firstwire.market\/wp-content\/uploads\/2025\/03\/Legal-Advice-300x267.png 300w\" sizes=\"(max-width: 640px) 100vw, 640px\" \/>\t\t\t\t\t\t\t\t\t\t\t\t\t\t\t<\/div>\n\t\t\t\t<\/div>\n\t\t\t\t\t<\/div>\n\t\t<\/div>\n\t\t\t\t<div class=\"elementor-column elementor-col-50 elementor-inner-column elementor-element elementor-element-1fd23a62\" data-id=\"1fd23a62\" data-element_type=\"column\">\n\t\t\t<div class=\"elementor-widget-wrap elementor-element-populated\">\n\t\t\t\t\t\t<div class=\"elementor-element elementor-element-3b59c967 elementor-widget elementor-widget-text-editor\" data-id=\"3b59c967\" data-element_type=\"widget\" data-widget_type=\"text-editor.default\">\n\t\t\t\t<div class=\"elementor-widget-container\">\n\t\t\t\t\t\t\t\t\t<p>firstwire ist ein FinTech mit einem klaren Ziel: den Zugang zu Kapital f\u00fcr Unternehmen und Immobilienprojekte effizienter, transparenter und unabh\u00e4ngiger zu gestalten. Als spezialisierte Plattform f\u00fcr Fremdkapitalfinanzierungen bringen wir Investoren und Kapitalnehmer direkt zusammen \u2013 digital und pers\u00f6nlich begleitet.<\/p><p>Was uns auszeichnet, ist die Kombination aus technologischem Know-how und tiefem Verst\u00e4ndnis f\u00fcr Finanzierungsprozesse. Wir denken Finanzierung neu \u2013 pragmatisch, l\u00f6sungsorientiert und jenseits veralteter Strukturen.<\/p><p>Ein Fokus liegt auf der gewerblichen Immobilienfinanzierung. Projektentwickler, Bestandshalter und institutionelle Investoren wie auch Banken nutzen firstwire, um ohne Umwege passende Finanzierungen zu finden \u2013 schlank, flexibel und individuell. Unsere Technologie sorgt f\u00fcr Transparenz und Geschwindigkeit, unsere Beratung f\u00fcr Sicherheit und Struktur.<\/p><p>firstwire verbindet das Beste aus FinTech, Kapitalmarkterfahrung und Immobilien-Know-how \u2013 f\u00fcr moderne Finanzierungsl\u00f6sungen, die wirklich funktionieren.<\/p>\t\t\t\t\t\t\t\t<\/div>\n\t\t\t\t<\/div>\n\t\t\t\t\t<\/div>\n\t\t<\/div>\n\t\t\t\t\t<\/div>\n\t\t<\/section>\n\t\t\t\t\t<\/div>\n\t\t<\/div>\n\t\t\t\t\t<\/div>\n\t\t<\/section>\n\t\t\t\t<section class=\"elementor-section elementor-top-section elementor-element elementor-element-290bf175 elementor-section-content-middle elementor-section-boxed elementor-section-height-default elementor-section-height-default\" data-id=\"290bf175\" data-element_type=\"section\" data-settings=\"{&quot;background_background&quot;:&quot;classic&quot;}\">\n\t\t\t\t\t\t<div class=\"elementor-container elementor-column-gap-no\">\n\t\t\t\t\t<div class=\"elementor-column elementor-col-50 elementor-top-column elementor-element elementor-element-22d53595\" data-id=\"22d53595\" data-element_type=\"column\">\n\t\t\t<div class=\"elementor-widget-wrap elementor-element-populated\">\n\t\t\t\t\t\t<div class=\"elementor-element elementor-element-548f6a39 elementor-widget elementor-widget-menu-anchor\" data-id=\"548f6a39\" data-element_type=\"widget\" data-widget_type=\"menu-anchor.default\">\n\t\t\t\t<div class=\"elementor-widget-container\">\n\t\t\t\t\t\t\t<div class=\"elementor-menu-anchor\" id=\"kontakt\"><\/div>\n\t\t\t\t\t\t<\/div>\n\t\t\t\t<\/div>\n\t\t\t\t<div class=\"elementor-element elementor-element-3ca895b1 e-transform elementor-invisible elementor-widget elementor-widget-text-editor\" data-id=\"3ca895b1\" data-element_type=\"widget\" data-settings=\"{&quot;_animation&quot;:&quot;fadeInDown&quot;,&quot;_transform_rotateZ_effect&quot;:{&quot;unit&quot;:&quot;px&quot;,&quot;size&quot;:&quot;&quot;,&quot;sizes&quot;:[]},&quot;_transform_rotateZ_effect_tablet&quot;:{&quot;unit&quot;:&quot;deg&quot;,&quot;size&quot;:&quot;&quot;,&quot;sizes&quot;:[]},&quot;_transform_rotateZ_effect_mobile&quot;:{&quot;unit&quot;:&quot;deg&quot;,&quot;size&quot;:&quot;&quot;,&quot;sizes&quot;:[]}}\" data-widget_type=\"text-editor.default\">\n\t\t\t\t<div class=\"elementor-widget-container\">\n\t\t\t\t\t\t\t\t\t<h2 style=\"font-size: 250%; text-align: left;\"><span style=\"color: #f0b73f;\">Bei Fragen und Anregungen: <\/span><span style=\"color: #002b49;\">In Kontakt bleiben<\/span><\/h2>\t\t\t\t\t\t\t\t<\/div>\n\t\t\t\t<\/div>\n\t\t\t\t<div class=\"elementor-element elementor-element-319e3427 elementor-widget elementor-widget-text-editor\" data-id=\"319e3427\" data-element_type=\"widget\" data-widget_type=\"text-editor.default\">\n\t\t\t\t<div class=\"elementor-widget-container\">\n\t\t\t\t\t\t\t\t\t<p>info@firstwire.market<br>+ 49 (0) 221 677 78 85 -0<\/p>\t\t\t\t\t\t\t\t<\/div>\n\t\t\t\t<\/div>\n\t\t\t\t<div class=\"elementor-element elementor-element-3f9d9e3c elementor-shape-square e-grid-align-left elementor-grid-0 elementor-widget elementor-widget-social-icons\" data-id=\"3f9d9e3c\" data-element_type=\"widget\" data-widget_type=\"social-icons.default\">\n\t\t\t\t<div class=\"elementor-widget-container\">\n\t\t\t\t\t\t\t<div class=\"elementor-social-icons-wrapper elementor-grid\">\n\t\t\t\t\t\t\t<span class=\"elementor-grid-item\">\n\t\t\t\t\t<a class=\"elementor-icon elementor-social-icon elementor-social-icon-linkedin elementor-animation-grow elementor-repeater-item-fe018c6\" href=\"https:\/\/www.linkedin.com\/company\/firstwire-gmbh\/\" target=\"_blank\">\n\t\t\t\t\t\t<span class=\"elementor-screen-only\">Linkedin<\/span>\n\t\t\t\t\t\t<i class=\"fab fa-linkedin\"><\/i>\t\t\t\t\t<\/a>\n\t\t\t\t<\/span>\n\t\t\t\t\t<\/div>\n\t\t\t\t\t\t<\/div>\n\t\t\t\t<\/div>\n\t\t\t\t\t<\/div>\n\t\t<\/div>\n\t\t\t\t<div class=\"elementor-column elementor-col-50 elementor-top-column elementor-element elementor-element-1fe54a62\" data-id=\"1fe54a62\" data-element_type=\"column\">\n\t\t\t<div class=\"elementor-widget-wrap elementor-element-populated\">\n\t\t\t\t\t\t<div class=\"elementor-element elementor-element-3fa1db47 elementor-widget elementor-widget-google_maps\" data-id=\"3fa1db47\" data-element_type=\"widget\" data-widget_type=\"google_maps.default\">\n\t\t\t\t<div class=\"elementor-widget-container\">\n\t\t\t\t\t\t\t<div class=\"elementor-custom-embed\">\n\t\t\t<iframe loading=\"lazy\"\n\t\t\t\t\tsrc=\"https:\/\/maps.google.com\/maps?q=Siegburger%20Stra%C3%9Fe%20149-151%2050679%20K%C3%B6ln%2C%20Germany&#038;t=m&#038;z=18&#038;output=embed&#038;iwloc=near\"\n\t\t\t\t\ttitle=\"Siegburger Stra\u00dfe 149-151 50679 K\u00f6ln, Germany\"\n\t\t\t\t\taria-label=\"Siegburger Stra\u00dfe 149-151 50679 K\u00f6ln, Germany\"\n\t\t\t><\/iframe>\n\t\t<\/div>\n\t\t\t\t\t\t<\/div>\n\t\t\t\t<\/div>\n\t\t\t\t\t<\/div>\n\t\t<\/div>\n\t\t\t\t\t<\/div>\n\t\t<\/section>\n\t\t\t\t<\/div>\n\t\t","protected":false},"excerpt":{"rendered":"<p>\u00dcber uns Effizient und transparent. So funktioniert firstwire firstwire ist ein FinTech mit einem klaren Ziel: den Zugang zu Kapital f\u00fcr Unternehmen und Immobilienprojekte effizienter, transparenter und unabh\u00e4ngiger zu gestalten. Als spezialisierte Plattform f\u00fcr Fremdkapitalfinanzierungen bringen wir Investoren und Kapitalnehmer direkt zusammen \u2013 digital und pers\u00f6nlich begleitet. Was uns auszeichnet, ist die Kombination aus technologischem [&hellip;]<\/p>\n","protected":false},"author":2,"featured_media":1465,"parent":0,"menu_order":0,"comment_status":"closed","ping_status":"closed","template":"","meta":{"footnotes":""},"class_list":["post-4852","page","type-page","status-publish","has-post-thumbnail","hentry"],"yoast_head":"<!-- This site is optimized with the Yoast SEO plugin v25.3 - https:\/\/yoast.com\/wordpress\/plugins\/seo\/ -->\n<title>\u00dcber uns - firstwire<\/title>\n<meta name=\"robots\" content=\"index, follow, max-snippet:-1, max-image-preview:large, max-video-preview:-1\" \/>\n<link rel=\"canonical\" href=\"https:\/\/firstwire.market\/de\/ueber-uns\/\" \/>\n<meta property=\"og:locale\" content=\"de_DE\" \/>\n<meta property=\"og:type\" content=\"article\" \/>\n<meta property=\"og:title\" content=\"\u00dcber uns - firstwire\" \/>\n<meta property=\"og:description\" content=\"\u00dcber uns Effizient und transparent. So funktioniert firstwire firstwire ist ein FinTech mit einem klaren Ziel: den Zugang zu Kapital f\u00fcr Unternehmen und Immobilienprojekte effizienter, transparenter und unabh\u00e4ngiger zu gestalten. Als spezialisierte Plattform f\u00fcr Fremdkapitalfinanzierungen bringen wir Investoren und Kapitalnehmer direkt zusammen \u2013 digital und pers\u00f6nlich begleitet. Was uns auszeichnet, ist die Kombination aus technologischem [&hellip;]\" \/>\n<meta property=\"og:url\" content=\"https:\/\/firstwire.market\/de\/ueber-uns\/\" \/>\n<meta property=\"og:site_name\" content=\"firstwire\" \/>\n<meta property=\"article:modified_time\" content=\"2025-06-12T17:17:34+00:00\" \/>\n<meta property=\"og:image\" content=\"https:\/\/firstwire.market\/wp-content\/uploads\/2025\/02\/slider-bg.jpg\" \/>\n\t<meta property=\"og:image:width\" content=\"1512\" \/>\n\t<meta property=\"og:image:height\" content=\"655\" \/>\n\t<meta property=\"og:image:type\" content=\"image\/jpeg\" \/>\n<meta name=\"twitter:card\" content=\"summary_large_image\" \/>\n<meta name=\"twitter:label1\" content=\"Gesch\u00e4tzte Lesezeit\" \/>\n\t<meta name=\"twitter:data1\" content=\"1\u00a0Minute\" \/>\n<script type=\"application\/ld+json\" class=\"yoast-schema-graph\">{\"@context\":\"https:\/\/schema.org\",\"@graph\":[{\"@type\":\"WebPage\",\"@id\":\"https:\/\/firstwire.market\/de\/ueber-uns\/\",\"url\":\"https:\/\/firstwire.market\/de\/ueber-uns\/\",\"name\":\"\u00dcber uns - firstwire\",\"isPartOf\":{\"@id\":\"https:\/\/firstwire.market\/de\/#website\"},\"primaryImageOfPage\":{\"@id\":\"https:\/\/firstwire.market\/de\/ueber-uns\/#primaryimage\"},\"image\":{\"@id\":\"https:\/\/firstwire.market\/de\/ueber-uns\/#primaryimage\"},\"thumbnailUrl\":\"https:\/\/firstwire.market\/wp-content\/uploads\/2025\/02\/slider-bg.jpg\",\"datePublished\":\"2025-06-05T11:59:01+00:00\",\"dateModified\":\"2025-06-12T17:17:34+00:00\",\"inLanguage\":\"de\",\"potentialAction\":[{\"@type\":\"ReadAction\",\"target\":[\"https:\/\/firstwire.market\/de\/ueber-uns\/\"]}]},{\"@type\":\"ImageObject\",\"inLanguage\":\"de\",\"@id\":\"https:\/\/firstwire.market\/de\/ueber-uns\/#primaryimage\",\"url\":\"https:\/\/firstwire.market\/wp-content\/uploads\/2025\/02\/slider-bg.jpg\",\"contentUrl\":\"https:\/\/firstwire.market\/wp-content\/uploads\/2025\/02\/slider-bg.jpg\",\"width\":1512,\"height\":655},{\"@type\":\"WebSite\",\"@id\":\"https:\/\/firstwire.market\/de\/#website\",\"url\":\"https:\/\/firstwire.market\/de\/\",\"name\":\"firstwire\",\"description\":\"Your place for debt capital markets\",\"publisher\":{\"@id\":\"https:\/\/firstwire.market\/de\/#organization\"},\"potentialAction\":[{\"@type\":\"SearchAction\",\"target\":{\"@type\":\"EntryPoint\",\"urlTemplate\":\"https:\/\/firstwire.market\/de\/?s={search_term_string}\"},\"query-input\":{\"@type\":\"PropertyValueSpecification\",\"valueRequired\":true,\"valueName\":\"search_term_string\"}}],\"inLanguage\":\"de\"},{\"@type\":\"Organization\",\"@id\":\"https:\/\/firstwire.market\/de\/#organization\",\"name\":\"firstwire\",\"url\":\"https:\/\/firstwire.market\/de\/\",\"logo\":{\"@type\":\"ImageObject\",\"inLanguage\":\"de\",\"@id\":\"https:\/\/firstwire.market\/de\/#\/schema\/logo\/image\/\",\"url\":\"https:\/\/firstwire.market\/wp-content\/uploads\/2021\/11\/logo-firstwire.svg\",\"contentUrl\":\"https:\/\/firstwire.market\/wp-content\/uploads\/2021\/11\/logo-firstwire.svg\",\"width\":162,\"height\":72,\"caption\":\"firstwire\"},\"image\":{\"@id\":\"https:\/\/firstwire.market\/de\/#\/schema\/logo\/image\/\"}}]}<\/script>\n<!-- \/ Yoast SEO plugin. -->","yoast_head_json":{"title":"\u00dcber uns - firstwire","robots":{"index":"index","follow":"follow","max-snippet":"max-snippet:-1","max-image-preview":"max-image-preview:large","max-video-preview":"max-video-preview:-1"},"canonical":"https:\/\/firstwire.market\/de\/ueber-uns\/","og_locale":"de_DE","og_type":"article","og_title":"\u00dcber uns - firstwire","og_description":"\u00dcber uns Effizient und transparent. So funktioniert firstwire firstwire ist ein FinTech mit einem klaren Ziel: den Zugang zu Kapital f\u00fcr Unternehmen und Immobilienprojekte effizienter, transparenter und unabh\u00e4ngiger zu gestalten. Als spezialisierte Plattform f\u00fcr Fremdkapitalfinanzierungen bringen wir Investoren und Kapitalnehmer direkt zusammen \u2013 digital und pers\u00f6nlich begleitet. Was uns auszeichnet, ist die Kombination aus technologischem [&hellip;]","og_url":"https:\/\/firstwire.market\/de\/ueber-uns\/","og_site_name":"firstwire","article_modified_time":"2025-06-12T17:17:34+00:00","og_image":[{"width":1512,"height":655,"url":"https:\/\/firstwire.market\/wp-content\/uploads\/2025\/02\/slider-bg.jpg","type":"image\/jpeg"}],"twitter_card":"summary_large_image","twitter_misc":{"Gesch\u00e4tzte Lesezeit":"1\u00a0Minute"},"schema":{"@context":"https:\/\/schema.org","@graph":[{"@type":"WebPage","@id":"https:\/\/firstwire.market\/de\/ueber-uns\/","url":"https:\/\/firstwire.market\/de\/ueber-uns\/","name":"\u00dcber uns - firstwire","isPartOf":{"@id":"https:\/\/firstwire.market\/de\/#website"},"primaryImageOfPage":{"@id":"https:\/\/firstwire.market\/de\/ueber-uns\/#primaryimage"},"image":{"@id":"https:\/\/firstwire.market\/de\/ueber-uns\/#primaryimage"},"thumbnailUrl":"https:\/\/firstwire.market\/wp-content\/uploads\/2025\/02\/slider-bg.jpg","datePublished":"2025-06-05T11:59:01+00:00","dateModified":"2025-06-12T17:17:34+00:00","inLanguage":"de","potentialAction":[{"@type":"ReadAction","target":["https:\/\/firstwire.market\/de\/ueber-uns\/"]}]},{"@type":"ImageObject","inLanguage":"de","@id":"https:\/\/firstwire.market\/de\/ueber-uns\/#primaryimage","url":"https:\/\/firstwire.market\/wp-content\/uploads\/2025\/02\/slider-bg.jpg","contentUrl":"https:\/\/firstwire.market\/wp-content\/uploads\/2025\/02\/slider-bg.jpg","width":1512,"height":655},{"@type":"WebSite","@id":"https:\/\/firstwire.market\/de\/#website","url":"https:\/\/firstwire.market\/de\/","name":"firstwire","description":"Your place for debt capital markets","publisher":{"@id":"https:\/\/firstwire.market\/de\/#organization"},"potentialAction":[{"@type":"SearchAction","target":{"@type":"EntryPoint","urlTemplate":"https:\/\/firstwire.market\/de\/?s={search_term_string}"},"query-input":{"@type":"PropertyValueSpecification","valueRequired":true,"valueName":"search_term_string"}}],"inLanguage":"de"},{"@type":"Organization","@id":"https:\/\/firstwire.market\/de\/#organization","name":"firstwire","url":"https:\/\/firstwire.market\/de\/","logo":{"@type":"ImageObject","inLanguage":"de","@id":"https:\/\/firstwire.market\/de\/#\/schema\/logo\/image\/","url":"https:\/\/firstwire.market\/wp-content\/uploads\/2021\/11\/logo-firstwire.svg","contentUrl":"https:\/\/firstwire.market\/wp-content\/uploads\/2021\/11\/logo-firstwire.svg","width":162,"height":72,"caption":"firstwire"},"image":{"@id":"https:\/\/firstwire.market\/de\/#\/schema\/logo\/image\/"}}]}},"_links":{"self":[{"href":"https:\/\/firstwire.market\/de\/wp-json\/wp\/v2\/pages\/4852","targetHints":{"allow":["GET"]}}],"collection":[{"href":"https:\/\/firstwire.market\/de\/wp-json\/wp\/v2\/pages"}],"about":[{"href":"https:\/\/firstwire.market\/de\/wp-json\/wp\/v2\/types\/page"}],"author":[{"embeddable":true,"href":"https:\/\/firstwire.market\/de\/wp-json\/wp\/v2\/users\/2"}],"replies":[{"embeddable":true,"href":"https:\/\/firstwire.market\/de\/wp-json\/wp\/v2\/comments?post=4852"}],"version-history":[{"count":21,"href":"https:\/\/firstwire.market\/de\/wp-json\/wp\/v2\/pages\/4852\/revisions"}],"predecessor-version":[{"id":5677,"href":"https:\/\/firstwire.market\/de\/wp-json\/wp\/v2\/pages\/4852\/revisions\/5677"}],"wp:featuredmedia":[{"embeddable":true,"href":"https:\/\/firstwire.market\/de\/wp-json\/wp\/v2\/media\/1465"}],"wp:attachment":[{"href":"https:\/\/firstwire.market\/de\/wp-json\/wp\/v2\/media?parent=4852"}],"curies":[{"name":"wp","href":"https:\/\/api.w.org\/{rel}","templated":true}]}}