{"id":4812,"date":"2025-06-05T12:57:45","date_gmt":"2025-06-05T10:57:45","guid":{"rendered":"https:\/\/firstwire.market\/premium-services\/"},"modified":"2025-06-12T20:36:07","modified_gmt":"2025-06-12T18:36:07","slug":"premium-services","status":"publish","type":"page","link":"https:\/\/firstwire.market\/de\/premium-services\/","title":{"rendered":"Premium Services"},"content":{"rendered":"\t\t<div data-elementor-type=\"wp-page\" data-elementor-id=\"4812\" class=\"elementor elementor-4812 elementor-3496\" data-elementor-post-type=\"page\">\n\t\t\t\t\t\t<section class=\"elementor-section elementor-top-section elementor-element elementor-element-a8a8327 elementor-section-boxed elementor-section-height-default elementor-section-height-default\" data-id=\"a8a8327\" data-element_type=\"section\" data-settings=\"{&quot;background_background&quot;:&quot;classic&quot;,&quot;background_motion_fx_motion_fx_scrolling&quot;:&quot;yes&quot;,&quot;background_motion_fx_devices&quot;:[&quot;desktop&quot;,&quot;tablet&quot;,&quot;mobile&quot;]}\">\n\t\t\t\t\t\t<div class=\"elementor-container elementor-column-gap-default\">\n\t\t\t\t\t<div class=\"elementor-column elementor-col-50 elementor-top-column elementor-element elementor-element-20f1415\" data-id=\"20f1415\" data-element_type=\"column\">\n\t\t\t<div class=\"elementor-widget-wrap elementor-element-populated\">\n\t\t\t\t\t\t<div class=\"elementor-element elementor-element-5f3af15 elementor-invisible elementor-widget elementor-widget-text-editor\" data-id=\"5f3af15\" data-element_type=\"widget\" data-settings=\"{&quot;_animation&quot;:&quot;fadeInLeft&quot;}\" data-widget_type=\"text-editor.default\">\n\t\t\t\t<div class=\"elementor-widget-container\">\n\t\t\t\t\t\t\t\t\t<h2 style=\"color: #002b49; font-size: 300%; margin: 0; line-height: 1.5;\">Unser Premium Service f\u00fcr Ihre<\/h2>\t\t\t\t\t\t\t\t<\/div>\n\t\t\t\t<\/div>\n\t\t\t\t<div class=\"elementor-element elementor-element-7b2841c elementor-invisible elementor-widget elementor-widget-text-editor\" data-id=\"7b2841c\" data-element_type=\"widget\" data-settings=\"{&quot;_animation&quot;:&quot;fadeInRight&quot;}\" data-widget_type=\"text-editor.default\">\n\t\t\t\t<div class=\"elementor-widget-container\">\n\t\t\t\t\t\t\t\t\t<h2 style=\"color: #f0b73f; font-size: 300%; line-height: 1.2;\">Finanzierung<\/h2>\t\t\t\t\t\t\t\t<\/div>\n\t\t\t\t<\/div>\n\t\t\t\t<div class=\"elementor-element elementor-element-c9b3a1d elementor-hidden-desktop elementor-hidden-tablet elementor-widget elementor-widget-image\" data-id=\"c9b3a1d\" data-element_type=\"widget\" data-widget_type=\"image.default\">\n\t\t\t\t<div class=\"elementor-widget-container\">\n\t\t\t\t\t\t\t\t\t\t\t\t\t\t\t<img fetchpriority=\"high\" decoding=\"async\" width=\"547\" height=\"655\" src=\"https:\/\/firstwire.market\/wp-content\/uploads\/2025\/03\/finanzierung-unternehmen.jpg\" class=\"attachment-large size-large wp-image-2916\" alt=\"\" srcset=\"https:\/\/firstwire.market\/wp-content\/uploads\/2025\/03\/finanzierung-unternehmen.jpg 547w, https:\/\/firstwire.market\/wp-content\/uploads\/2025\/03\/finanzierung-unternehmen-251x300.jpg 251w\" sizes=\"(max-width: 547px) 100vw, 547px\" \/>\t\t\t\t\t\t\t\t\t\t\t\t\t\t\t<\/div>\n\t\t\t\t<\/div>\n\t\t\t\t<div class=\"elementor-element elementor-element-edeb48b elementor-widget elementor-widget-toggle\" data-id=\"edeb48b\" data-element_type=\"widget\" data-widget_type=\"toggle.default\">\n\t\t\t\t<div class=\"elementor-widget-container\">\n\t\t\t\t\t\t\t<div class=\"elementor-toggle\">\n\t\t\t\t\t\t\t<div class=\"elementor-toggle-item\">\n\t\t\t\t\t<div id=\"elementor-tab-title-2491\" class=\"elementor-tab-title\" data-tab=\"1\" role=\"button\" aria-controls=\"elementor-tab-content-2491\" aria-expanded=\"false\">\n\t\t\t\t\t\t\t\t\t\t\t\t<span class=\"elementor-toggle-icon elementor-toggle-icon-right\" aria-hidden=\"true\">\n\t\t\t\t\t\t\t\t\t\t\t\t\t\t\t<span class=\"elementor-toggle-icon-closed\"><i class=\"fas fa-plus\"><\/i><\/span>\n\t\t\t\t\t\t\t\t<span class=\"elementor-toggle-icon-opened\"><i class=\"elementor-toggle-icon-opened fas fa-minus\"><\/i><\/span>\n\t\t\t\t\t\t\t\t\t\t\t\t\t<\/span>\n\t\t\t\t\t\t\t\t\t\t\t\t<a class=\"elementor-toggle-title\" tabindex=\"0\">YieldFix<\/a>\n\t\t\t\t\t<\/div>\n\n\t\t\t\t\t<div id=\"elementor-tab-content-2491\" class=\"elementor-tab-content elementor-clearfix\" data-tab=\"1\" role=\"region\" aria-labelledby=\"elementor-tab-title-2491\"><p><strong>Geben Sie uns einen Einblick in Ihr Immobilienportfolio \u2013 f\u00fcr eine fundierte und vertrauliche Einsch\u00e4tzung Ihrer Finanzierungskonditionen.<\/strong><\/p><p>Unsere Finanzierungsexperten analysieren schnell, unverbindlich und selbstverst\u00e4ndlich vertraulich Ihr bestehendes Portfolio und identifizieren m\u00f6gliche Optimierungspotenziale. Dabei betrachten wir u.\u202fa.:<\/p><ul><li>Floating- oder Festzins \u2013 was passt besser zu Ihrer Strategie?<\/li><li>Ist Ihre aktuelle Marge marktgerecht?<\/li><li>Wie lassen sich geplante CAPEX-Ma\u00dfnahmen effizient finanzieren?<\/li><li>Gibt es Potenzial f\u00fcr h\u00f6here Ausl\u00e4ufe?<\/li><\/ul><p>\u00a0<\/p><p><strong>Unser Ziel:<\/strong> Mit Ihnen den idealen Finanzierungspartner in einem zunehmend komplexen Marktumfeld zu finden \u2013 passgenau und sicher. Gleichzeitig bieten wir Ihnen die Chance, neue Kapitalgeber zu indentifizieren und Ihr Netzwerk strategisch auszubauen.<br \/>Sollte unsere Analyse ergeben, dass Ihre Finanzierung bereits optimal aufgestellt ist, erhalten Sie ein entsprechendes Feedback \u2013 ohne Verpflichtungen. Eine aktive Umsetzung erfolgt nur bei nachgewiesenem Einsparpotenzial und in enger Abstimmung mit Ihnen.<\/p><p><b>Nutzen Sie jetzt die Gelegenheit f\u00fcr einen kostenfreien Portfolio-Check.<\/b><\/p><p>Wir freuen uns auf Ihre Anfrage!<\/p><\/div>\n\t\t\t\t<\/div>\n\t\t\t\t\t\t\t<div class=\"elementor-toggle-item\">\n\t\t\t\t\t<div id=\"elementor-tab-title-2492\" class=\"elementor-tab-title\" data-tab=\"2\" role=\"button\" aria-controls=\"elementor-tab-content-2492\" aria-expanded=\"false\">\n\t\t\t\t\t\t\t\t\t\t\t\t<span class=\"elementor-toggle-icon elementor-toggle-icon-right\" aria-hidden=\"true\">\n\t\t\t\t\t\t\t\t\t\t\t\t\t\t\t<span class=\"elementor-toggle-icon-closed\"><i class=\"fas fa-plus\"><\/i><\/span>\n\t\t\t\t\t\t\t\t<span class=\"elementor-toggle-icon-opened\"><i class=\"elementor-toggle-icon-opened fas fa-minus\"><\/i><\/span>\n\t\t\t\t\t\t\t\t\t\t\t\t\t<\/span>\n\t\t\t\t\t\t\t\t\t\t\t\t<a class=\"elementor-toggle-title\" tabindex=\"0\">PortFi+<\/a>\n\t\t\t\t\t<\/div>\n\n\t\t\t\t\t<div id=\"elementor-tab-content-2492\" class=\"elementor-tab-content elementor-clearfix\" data-tab=\"2\" role=\"region\" aria-labelledby=\"elementor-tab-title-2492\"><p>&#8211; Portfolio Verbriefungen. Wir machen Ihr Portfolio kapitalmarktf\u00e4hig. <br \/>\u2013 Verbriefungen ab ca. EUR 200m<\/p><\/div>\n\t\t\t\t<\/div>\n\t\t\t\t\t\t\t<div class=\"elementor-toggle-item\">\n\t\t\t\t\t<div id=\"elementor-tab-title-2493\" class=\"elementor-tab-title\" data-tab=\"3\" role=\"button\" aria-controls=\"elementor-tab-content-2493\" aria-expanded=\"false\">\n\t\t\t\t\t\t\t\t\t\t\t\t<span class=\"elementor-toggle-icon elementor-toggle-icon-right\" aria-hidden=\"true\">\n\t\t\t\t\t\t\t\t\t\t\t\t\t\t\t<span class=\"elementor-toggle-icon-closed\"><i class=\"fas fa-plus\"><\/i><\/span>\n\t\t\t\t\t\t\t\t<span class=\"elementor-toggle-icon-opened\"><i class=\"elementor-toggle-icon-opened fas fa-minus\"><\/i><\/span>\n\t\t\t\t\t\t\t\t\t\t\t\t\t<\/span>\n\t\t\t\t\t\t\t\t\t\t\t\t<a class=\"elementor-toggle-title\" tabindex=\"0\">Renewables<\/a>\n\t\t\t\t\t<\/div>\n\n\t\t\t\t\t<div id=\"elementor-tab-content-2493\" class=\"elementor-tab-content elementor-clearfix\" data-tab=\"3\" role=\"region\" aria-labelledby=\"elementor-tab-title-2493\"><p>Seitdem wir 2022 die Immobilienfinanzierung erschlossen haben, konnten wir im Bereich Real Asset Finance erste Erfolge feiern. Wir freuen uns \u00fcber Ihre Kontaktaufnahme bzgl. der Finanzierung von Solar- und Windparks sowie Batterieenergiespeichersystemen (BESS).<\/p><\/div>\n\t\t\t\t<\/div>\n\t\t\t\t\t\t\t\t\t\t<script type=\"application\/ld+json\">{\"@context\":\"https:\\\/\\\/schema.org\",\"@type\":\"FAQPage\",\"mainEntity\":[{\"@type\":\"Question\",\"name\":\"YieldFix\",\"acceptedAnswer\":{\"@type\":\"Answer\",\"text\":\"<p><strong>Geben Sie uns einen Einblick in Ihr Immobilienportfolio \\u2013 f\\u00fcr eine fundierte und vertrauliche Einsch\\u00e4tzung Ihrer Finanzierungskonditionen.<\\\/strong><\\\/p><p>Unsere Finanzierungsexperten analysieren schnell, unverbindlich und selbstverst\\u00e4ndlich vertraulich Ihr bestehendes Portfolio und identifizieren m\\u00f6gliche Optimierungspotenziale. Dabei betrachten wir u.\\u202fa.:<\\\/p><ul><li>Floating- oder Festzins \\u2013 was passt besser zu Ihrer Strategie?<\\\/li><li>Ist Ihre aktuelle Marge marktgerecht?<\\\/li><li>Wie lassen sich geplante CAPEX-Ma\\u00dfnahmen effizient finanzieren?<\\\/li><li>Gibt es Potenzial f\\u00fcr h\\u00f6here Ausl\\u00e4ufe?<\\\/li><\\\/ul><p>\\u00a0<\\\/p><p><strong>Unser Ziel:<\\\/strong> Mit Ihnen den idealen Finanzierungspartner in einem zunehmend komplexen Marktumfeld zu finden \\u2013 passgenau und sicher. Gleichzeitig bieten wir Ihnen die Chance, neue Kapitalgeber zu indentifizieren und Ihr Netzwerk strategisch auszubauen.<br \\\/>Sollte unsere Analyse ergeben, dass Ihre Finanzierung bereits optimal aufgestellt ist, erhalten Sie ein entsprechendes Feedback \\u2013 ohne Verpflichtungen. Eine aktive Umsetzung erfolgt nur bei nachgewiesenem Einsparpotenzial und in enger Abstimmung mit Ihnen.<\\\/p><p><b>Nutzen Sie jetzt die Gelegenheit f\\u00fcr einen kostenfreien Portfolio-Check.<\\\/b><\\\/p><p>Wir freuen uns auf Ihre Anfrage!<\\\/p>\"}},{\"@type\":\"Question\",\"name\":\"PortFi+\",\"acceptedAnswer\":{\"@type\":\"Answer\",\"text\":\"<p>&#8211; Portfolio Verbriefungen. Wir machen Ihr Portfolio kapitalmarktf\\u00e4hig. <br \\\/>\\u2013 Verbriefungen ab ca. EUR 200m<\\\/p>\"}},{\"@type\":\"Question\",\"name\":\"Renewables\",\"acceptedAnswer\":{\"@type\":\"Answer\",\"text\":\"<p>Seitdem wir 2022 die Immobilienfinanzierung erschlossen haben, konnten wir im Bereich Real Asset Finance erste Erfolge feiern. Wir freuen uns \\u00fcber Ihre Kontaktaufnahme bzgl. der Finanzierung von Solar- und Windparks sowie Batterieenergiespeichersystemen (BESS).<\\\/p>\"}}]}<\/script>\n\t\t\t\t\t<\/div>\n\t\t\t\t\t\t<\/div>\n\t\t\t\t<\/div>\n\t\t\t\t\t<\/div>\n\t\t<\/div>\n\t\t\t\t<div class=\"elementor-column elementor-col-50 elementor-top-column elementor-element elementor-element-463d43b\" data-id=\"463d43b\" data-element_type=\"column\" data-settings=\"{&quot;background_background&quot;:&quot;classic&quot;}\">\n\t\t\t<div class=\"elementor-widget-wrap elementor-element-populated\">\n\t\t\t\t\t\t<div class=\"elementor-element elementor-element-6cee806 elementor-hidden-mobile elementor-invisible elementor-widget elementor-widget-image\" data-id=\"6cee806\" data-element_type=\"widget\" data-settings=\"{&quot;motion_fx_motion_fx_scrolling&quot;:&quot;yes&quot;,&quot;_animation&quot;:&quot;fadeInUp&quot;,&quot;motion_fx_devices&quot;:[&quot;desktop&quot;,&quot;tablet&quot;,&quot;mobile&quot;]}\" data-widget_type=\"image.default\">\n\t\t\t\t<div class=\"elementor-widget-container\">\n\t\t\t\t\t\t\t\t\t\t\t\t\t\t\t<img fetchpriority=\"high\" decoding=\"async\" width=\"547\" height=\"655\" src=\"https:\/\/firstwire.market\/wp-content\/uploads\/2025\/03\/finanzierung-unternehmen.jpg\" class=\"attachment-large size-large wp-image-2916\" alt=\"\" srcset=\"https:\/\/firstwire.market\/wp-content\/uploads\/2025\/03\/finanzierung-unternehmen.jpg 547w, https:\/\/firstwire.market\/wp-content\/uploads\/2025\/03\/finanzierung-unternehmen-251x300.jpg 251w\" sizes=\"(max-width: 547px) 100vw, 547px\" \/>\t\t\t\t\t\t\t\t\t\t\t\t\t\t\t<\/div>\n\t\t\t\t<\/div>\n\t\t\t\t\t<\/div>\n\t\t<\/div>\n\t\t\t\t\t<\/div>\n\t\t<\/section>\n\t\t\t\t<section class=\"elementor-section elementor-top-section elementor-element elementor-element-21f0023f elementor-section-content-middle elementor-section-boxed elementor-section-height-default elementor-section-height-default\" data-id=\"21f0023f\" data-element_type=\"section\" data-settings=\"{&quot;background_background&quot;:&quot;classic&quot;}\">\n\t\t\t\t\t\t<div class=\"elementor-container elementor-column-gap-no\">\n\t\t\t\t\t<div class=\"elementor-column elementor-col-50 elementor-top-column elementor-element elementor-element-4e19a843\" data-id=\"4e19a843\" data-element_type=\"column\">\n\t\t\t<div class=\"elementor-widget-wrap elementor-element-populated\">\n\t\t\t\t\t\t<div class=\"elementor-element elementor-element-245f6901 elementor-widget elementor-widget-menu-anchor\" data-id=\"245f6901\" data-element_type=\"widget\" data-widget_type=\"menu-anchor.default\">\n\t\t\t\t<div class=\"elementor-widget-container\">\n\t\t\t\t\t\t\t<div class=\"elementor-menu-anchor\" id=\"kontakt\"><\/div>\n\t\t\t\t\t\t<\/div>\n\t\t\t\t<\/div>\n\t\t\t\t<div class=\"elementor-element elementor-element-2a840a5a e-transform elementor-invisible elementor-widget elementor-widget-text-editor\" data-id=\"2a840a5a\" data-element_type=\"widget\" data-settings=\"{&quot;_animation&quot;:&quot;fadeInDown&quot;,&quot;_transform_rotateZ_effect&quot;:{&quot;unit&quot;:&quot;px&quot;,&quot;size&quot;:&quot;&quot;,&quot;sizes&quot;:[]},&quot;_transform_rotateZ_effect_tablet&quot;:{&quot;unit&quot;:&quot;deg&quot;,&quot;size&quot;:&quot;&quot;,&quot;sizes&quot;:[]},&quot;_transform_rotateZ_effect_mobile&quot;:{&quot;unit&quot;:&quot;deg&quot;,&quot;size&quot;:&quot;&quot;,&quot;sizes&quot;:[]}}\" data-widget_type=\"text-editor.default\">\n\t\t\t\t<div class=\"elementor-widget-container\">\n\t\t\t\t\t\t\t\t\t<h2 style=\"font-size: 250%; text-align: left;\"><span style=\"color: #f0b73f;\">Bei Fragen und Anregungen:<\/span> <span style=\"color: #002b49;\">In Kontakt bleiben<\/span><\/h2>\t\t\t\t\t\t\t\t<\/div>\n\t\t\t\t<\/div>\n\t\t\t\t<div class=\"elementor-element elementor-element-19c90ac7 elementor-widget elementor-widget-text-editor\" data-id=\"19c90ac7\" data-element_type=\"widget\" data-widget_type=\"text-editor.default\">\n\t\t\t\t<div class=\"elementor-widget-container\">\n\t\t\t\t\t\t\t\t\t<p>info@firstwire.market<br>+ 49 (0) 221 677 78 85 -0<\/p>\t\t\t\t\t\t\t\t<\/div>\n\t\t\t\t<\/div>\n\t\t\t\t<div class=\"elementor-element elementor-element-e2e496a elementor-shape-square e-grid-align-left elementor-grid-0 elementor-widget elementor-widget-social-icons\" data-id=\"e2e496a\" data-element_type=\"widget\" data-widget_type=\"social-icons.default\">\n\t\t\t\t<div class=\"elementor-widget-container\">\n\t\t\t\t\t\t\t<div class=\"elementor-social-icons-wrapper elementor-grid\">\n\t\t\t\t\t\t\t<span class=\"elementor-grid-item\">\n\t\t\t\t\t<a class=\"elementor-icon elementor-social-icon elementor-social-icon-linkedin elementor-animation-grow elementor-repeater-item-fe018c6\" href=\"https:\/\/www.linkedin.com\/company\/firstwire-gmbh\/\" target=\"_blank\">\n\t\t\t\t\t\t<span class=\"elementor-screen-only\">Linkedin<\/span>\n\t\t\t\t\t\t<i class=\"fab fa-linkedin\"><\/i>\t\t\t\t\t<\/a>\n\t\t\t\t<\/span>\n\t\t\t\t\t<\/div>\n\t\t\t\t\t\t<\/div>\n\t\t\t\t<\/div>\n\t\t\t\t\t<\/div>\n\t\t<\/div>\n\t\t\t\t<div class=\"elementor-column elementor-col-50 elementor-top-column elementor-element elementor-element-35ec0224\" data-id=\"35ec0224\" data-element_type=\"column\">\n\t\t\t<div class=\"elementor-widget-wrap elementor-element-populated\">\n\t\t\t\t\t\t<div class=\"elementor-element elementor-element-75ca8b6a elementor-widget elementor-widget-google_maps\" data-id=\"75ca8b6a\" data-element_type=\"widget\" data-widget_type=\"google_maps.default\">\n\t\t\t\t<div class=\"elementor-widget-container\">\n\t\t\t\t\t\t\t<div class=\"elementor-custom-embed\">\n\t\t\t<iframe loading=\"lazy\"\n\t\t\t\t\tsrc=\"https:\/\/maps.google.com\/maps?q=Siegburger%20Stra%C3%9Fe%20149-151%2050679%20K%C3%B6ln%2C%20Germany&#038;t=m&#038;z=18&#038;output=embed&#038;iwloc=near\"\n\t\t\t\t\ttitle=\"Siegburger Stra\u00dfe 149-151 50679 K\u00f6ln, Germany\"\n\t\t\t\t\taria-label=\"Siegburger Stra\u00dfe 149-151 50679 K\u00f6ln, Germany\"\n\t\t\t><\/iframe>\n\t\t<\/div>\n\t\t\t\t\t\t<\/div>\n\t\t\t\t<\/div>\n\t\t\t\t\t<\/div>\n\t\t<\/div>\n\t\t\t\t\t<\/div>\n\t\t<\/section>\n\t\t\t\t<\/div>\n\t\t","protected":false},"excerpt":{"rendered":"<p>Unser Premium Service f\u00fcr Ihre Finanzierung YieldFix Geben Sie uns einen Einblick in Ihr Immobilienportfolio \u2013 f\u00fcr eine fundierte und vertrauliche Einsch\u00e4tzung Ihrer Finanzierungskonditionen. Unsere Finanzierungsexperten analysieren schnell, unverbindlich und selbstverst\u00e4ndlich vertraulich Ihr bestehendes Portfolio und identifizieren m\u00f6gliche Optimierungspotenziale. Dabei betrachten wir u.\u202fa.: Floating- oder Festzins \u2013 was passt besser zu Ihrer Strategie? Ist Ihre [&hellip;]<\/p>\n","protected":false},"author":2,"featured_media":1465,"parent":0,"menu_order":0,"comment_status":"closed","ping_status":"closed","template":"","meta":{"footnotes":""},"class_list":["post-4812","page","type-page","status-publish","has-post-thumbnail","hentry"],"yoast_head":"<!-- This site is optimized with the Yoast SEO plugin v25.3 - https:\/\/yoast.com\/wordpress\/plugins\/seo\/ -->\n<title>Premium Services - firstwire<\/title>\n<meta name=\"robots\" content=\"index, follow, max-snippet:-1, max-image-preview:large, max-video-preview:-1\" \/>\n<link rel=\"canonical\" href=\"https:\/\/firstwire.market\/de\/premium-services\/\" \/>\n<meta property=\"og:locale\" content=\"de_DE\" \/>\n<meta property=\"og:type\" content=\"article\" \/>\n<meta property=\"og:title\" content=\"Premium Services - firstwire\" \/>\n<meta property=\"og:description\" content=\"Unser Premium Service f\u00fcr Ihre Finanzierung YieldFix Geben Sie uns einen Einblick in Ihr Immobilienportfolio \u2013 f\u00fcr eine fundierte und vertrauliche Einsch\u00e4tzung Ihrer Finanzierungskonditionen. Unsere Finanzierungsexperten analysieren schnell, unverbindlich und selbstverst\u00e4ndlich vertraulich Ihr bestehendes Portfolio und identifizieren m\u00f6gliche Optimierungspotenziale. Dabei betrachten wir u.\u202fa.: Floating- oder Festzins \u2013 was passt besser zu Ihrer Strategie? Ist Ihre [&hellip;]\" \/>\n<meta property=\"og:url\" content=\"https:\/\/firstwire.market\/de\/premium-services\/\" \/>\n<meta property=\"og:site_name\" content=\"firstwire\" \/>\n<meta property=\"article:modified_time\" content=\"2025-06-12T18:36:07+00:00\" \/>\n<meta property=\"og:image\" content=\"https:\/\/firstwire.market\/wp-content\/uploads\/2025\/02\/slider-bg.jpg\" \/>\n\t<meta property=\"og:image:width\" content=\"1512\" \/>\n\t<meta property=\"og:image:height\" content=\"655\" \/>\n\t<meta property=\"og:image:type\" content=\"image\/jpeg\" \/>\n<meta name=\"twitter:card\" content=\"summary_large_image\" \/>\n<meta name=\"twitter:label1\" content=\"Gesch\u00e4tzte Lesezeit\" \/>\n\t<meta name=\"twitter:data1\" content=\"2\u00a0Minuten\" \/>\n<script type=\"application\/ld+json\" class=\"yoast-schema-graph\">{\"@context\":\"https:\/\/schema.org\",\"@graph\":[{\"@type\":\"WebPage\",\"@id\":\"https:\/\/firstwire.market\/de\/premium-services\/\",\"url\":\"https:\/\/firstwire.market\/de\/premium-services\/\",\"name\":\"Premium Services - firstwire\",\"isPartOf\":{\"@id\":\"https:\/\/firstwire.market\/de\/#website\"},\"primaryImageOfPage\":{\"@id\":\"https:\/\/firstwire.market\/de\/premium-services\/#primaryimage\"},\"image\":{\"@id\":\"https:\/\/firstwire.market\/de\/premium-services\/#primaryimage\"},\"thumbnailUrl\":\"https:\/\/firstwire.market\/wp-content\/uploads\/2025\/02\/slider-bg.jpg\",\"datePublished\":\"2025-06-05T10:57:45+00:00\",\"dateModified\":\"2025-06-12T18:36:07+00:00\",\"inLanguage\":\"de\",\"potentialAction\":[{\"@type\":\"ReadAction\",\"target\":[\"https:\/\/firstwire.market\/de\/premium-services\/\"]}]},{\"@type\":\"ImageObject\",\"inLanguage\":\"de\",\"@id\":\"https:\/\/firstwire.market\/de\/premium-services\/#primaryimage\",\"url\":\"https:\/\/firstwire.market\/wp-content\/uploads\/2025\/02\/slider-bg.jpg\",\"contentUrl\":\"https:\/\/firstwire.market\/wp-content\/uploads\/2025\/02\/slider-bg.jpg\",\"width\":1512,\"height\":655},{\"@type\":\"WebSite\",\"@id\":\"https:\/\/firstwire.market\/de\/#website\",\"url\":\"https:\/\/firstwire.market\/de\/\",\"name\":\"firstwire\",\"description\":\"Your place for debt capital markets\",\"publisher\":{\"@id\":\"https:\/\/firstwire.market\/de\/#organization\"},\"potentialAction\":[{\"@type\":\"SearchAction\",\"target\":{\"@type\":\"EntryPoint\",\"urlTemplate\":\"https:\/\/firstwire.market\/de\/?s={search_term_string}\"},\"query-input\":{\"@type\":\"PropertyValueSpecification\",\"valueRequired\":true,\"valueName\":\"search_term_string\"}}],\"inLanguage\":\"de\"},{\"@type\":\"Organization\",\"@id\":\"https:\/\/firstwire.market\/de\/#organization\",\"name\":\"firstwire\",\"url\":\"https:\/\/firstwire.market\/de\/\",\"logo\":{\"@type\":\"ImageObject\",\"inLanguage\":\"de\",\"@id\":\"https:\/\/firstwire.market\/de\/#\/schema\/logo\/image\/\",\"url\":\"https:\/\/firstwire.market\/wp-content\/uploads\/2021\/11\/logo-firstwire.svg\",\"contentUrl\":\"https:\/\/firstwire.market\/wp-content\/uploads\/2021\/11\/logo-firstwire.svg\",\"width\":162,\"height\":72,\"caption\":\"firstwire\"},\"image\":{\"@id\":\"https:\/\/firstwire.market\/de\/#\/schema\/logo\/image\/\"}}]}<\/script>\n<!-- \/ Yoast SEO plugin. -->","yoast_head_json":{"title":"Premium Services - firstwire","robots":{"index":"index","follow":"follow","max-snippet":"max-snippet:-1","max-image-preview":"max-image-preview:large","max-video-preview":"max-video-preview:-1"},"canonical":"https:\/\/firstwire.market\/de\/premium-services\/","og_locale":"de_DE","og_type":"article","og_title":"Premium Services - firstwire","og_description":"Unser Premium Service f\u00fcr Ihre Finanzierung YieldFix Geben Sie uns einen Einblick in Ihr Immobilienportfolio \u2013 f\u00fcr eine fundierte und vertrauliche Einsch\u00e4tzung Ihrer Finanzierungskonditionen. Unsere Finanzierungsexperten analysieren schnell, unverbindlich und selbstverst\u00e4ndlich vertraulich Ihr bestehendes Portfolio und identifizieren m\u00f6gliche Optimierungspotenziale. Dabei betrachten wir u.\u202fa.: Floating- oder Festzins \u2013 was passt besser zu Ihrer Strategie? Ist Ihre [&hellip;]","og_url":"https:\/\/firstwire.market\/de\/premium-services\/","og_site_name":"firstwire","article_modified_time":"2025-06-12T18:36:07+00:00","og_image":[{"width":1512,"height":655,"url":"https:\/\/firstwire.market\/wp-content\/uploads\/2025\/02\/slider-bg.jpg","type":"image\/jpeg"}],"twitter_card":"summary_large_image","twitter_misc":{"Gesch\u00e4tzte Lesezeit":"2\u00a0Minuten"},"schema":{"@context":"https:\/\/schema.org","@graph":[{"@type":"WebPage","@id":"https:\/\/firstwire.market\/de\/premium-services\/","url":"https:\/\/firstwire.market\/de\/premium-services\/","name":"Premium Services - firstwire","isPartOf":{"@id":"https:\/\/firstwire.market\/de\/#website"},"primaryImageOfPage":{"@id":"https:\/\/firstwire.market\/de\/premium-services\/#primaryimage"},"image":{"@id":"https:\/\/firstwire.market\/de\/premium-services\/#primaryimage"},"thumbnailUrl":"https:\/\/firstwire.market\/wp-content\/uploads\/2025\/02\/slider-bg.jpg","datePublished":"2025-06-05T10:57:45+00:00","dateModified":"2025-06-12T18:36:07+00:00","inLanguage":"de","potentialAction":[{"@type":"ReadAction","target":["https:\/\/firstwire.market\/de\/premium-services\/"]}]},{"@type":"ImageObject","inLanguage":"de","@id":"https:\/\/firstwire.market\/de\/premium-services\/#primaryimage","url":"https:\/\/firstwire.market\/wp-content\/uploads\/2025\/02\/slider-bg.jpg","contentUrl":"https:\/\/firstwire.market\/wp-content\/uploads\/2025\/02\/slider-bg.jpg","width":1512,"height":655},{"@type":"WebSite","@id":"https:\/\/firstwire.market\/de\/#website","url":"https:\/\/firstwire.market\/de\/","name":"firstwire","description":"Your place for debt capital markets","publisher":{"@id":"https:\/\/firstwire.market\/de\/#organization"},"potentialAction":[{"@type":"SearchAction","target":{"@type":"EntryPoint","urlTemplate":"https:\/\/firstwire.market\/de\/?s={search_term_string}"},"query-input":{"@type":"PropertyValueSpecification","valueRequired":true,"valueName":"search_term_string"}}],"inLanguage":"de"},{"@type":"Organization","@id":"https:\/\/firstwire.market\/de\/#organization","name":"firstwire","url":"https:\/\/firstwire.market\/de\/","logo":{"@type":"ImageObject","inLanguage":"de","@id":"https:\/\/firstwire.market\/de\/#\/schema\/logo\/image\/","url":"https:\/\/firstwire.market\/wp-content\/uploads\/2021\/11\/logo-firstwire.svg","contentUrl":"https:\/\/firstwire.market\/wp-content\/uploads\/2021\/11\/logo-firstwire.svg","width":162,"height":72,"caption":"firstwire"},"image":{"@id":"https:\/\/firstwire.market\/de\/#\/schema\/logo\/image\/"}}]}},"_links":{"self":[{"href":"https:\/\/firstwire.market\/de\/wp-json\/wp\/v2\/pages\/4812","targetHints":{"allow":["GET"]}}],"collection":[{"href":"https:\/\/firstwire.market\/de\/wp-json\/wp\/v2\/pages"}],"about":[{"href":"https:\/\/firstwire.market\/de\/wp-json\/wp\/v2\/types\/page"}],"author":[{"embeddable":true,"href":"https:\/\/firstwire.market\/de\/wp-json\/wp\/v2\/users\/2"}],"replies":[{"embeddable":true,"href":"https:\/\/firstwire.market\/de\/wp-json\/wp\/v2\/comments?post=4812"}],"version-history":[{"count":49,"href":"https:\/\/firstwire.market\/de\/wp-json\/wp\/v2\/pages\/4812\/revisions"}],"predecessor-version":[{"id":5734,"href":"https:\/\/firstwire.market\/de\/wp-json\/wp\/v2\/pages\/4812\/revisions\/5734"}],"wp:featuredmedia":[{"embeddable":true,"href":"https:\/\/firstwire.market\/de\/wp-json\/wp\/v2\/media\/1465"}],"wp:attachment":[{"href":"https:\/\/firstwire.market\/de\/wp-json\/wp\/v2\/media?parent=4812"}],"curies":[{"name":"wp","href":"https:\/\/api.w.org\/{rel}","templated":true}]}}