{"id":1049,"date":"2022-06-29T13:50:12","date_gmt":"2022-06-29T11:50:12","guid":{"rendered":"https:\/\/firstwire.market\/nutzungsbedingungen\/"},"modified":"2022-12-02T13:02:46","modified_gmt":"2022-12-02T12:02:46","slug":"nutzungsbedingungen","status":"publish","type":"page","link":"https:\/\/firstwire.market\/de\/nutzungsbedingungen\/","title":{"rendered":"Nutzungsbedingungen"},"content":{"rendered":"\t\t<div data-elementor-type=\"wp-page\" data-elementor-id=\"1049\" class=\"elementor elementor-1049 elementor-221\" data-elementor-post-type=\"page\">\n\t\t\t\t\t\t<section class=\"elementor-section elementor-top-section elementor-element elementor-element-fc955cb elementor-section-boxed elementor-section-height-default elementor-section-height-default\" data-id=\"fc955cb\" data-element_type=\"section\">\n\t\t\t\t\t\t<div class=\"elementor-container elementor-column-gap-default\">\n\t\t\t\t\t<div class=\"elementor-column elementor-col-100 elementor-top-column elementor-element elementor-element-7ceca85\" data-id=\"7ceca85\" data-element_type=\"column\">\n\t\t\t<div class=\"elementor-widget-wrap elementor-element-populated\">\n\t\t\t\t\t\t<div class=\"elementor-element elementor-element-155c89f elementor-widget elementor-widget-heading\" data-id=\"155c89f\" data-element_type=\"widget\" data-widget_type=\"heading.default\">\n\t\t\t\t<div class=\"elementor-widget-container\">\n\t\t\t\t\t<h1 class=\"elementor-heading-title elementor-size-default\">NUTZUNGSBEDINGUNGEN <\/h1>\t\t\t\t<\/div>\n\t\t\t\t<\/div>\n\t\t\t\t<div class=\"elementor-element elementor-element-223fb01 elementor-widget elementor-widget-text-editor\" data-id=\"223fb01\" data-element_type=\"widget\" data-widget_type=\"text-editor.default\">\n\t\t\t\t<div class=\"elementor-widget-container\">\n\t\t\t\t\t\t\t\t\t<h2>1. Allgemein<\/h2>\n<p>Die firstwire GmbH (nachfolgend \u201efirstwire\u201c) ist Betreiber der Website&nbsp;<u>firstwire.market<\/u>&nbsp;(die \u201eWebsite\u201c) Auf der Website ver\u00f6ffentlicht firstwire Informationen, die das Leistungsangebot der firstwire beschreiben, insbesondere den sog. Marktplatz. Hierbei handelt es sich um einen elektronischen Marktplatz zum Kauf und Verkauf von Verm\u00f6gensanlagen im Sinne von \u00a7 1 Abs. 2 VermAnlG[Verm\u00f6gensanlagengesetz &#8211; VermAnlG] im Prim\u00e4r- und Sekund\u00e4rmarkt. Die Nutzung des Marktplatz unterliegt ausnahmslos den folgenden Einschr\u00e4nkungen:<\/p>\n<ol>\n<li>Bei den angebotenen Titeln handelt es sich ausschlie\u00dflich um Verm\u00f6gensanlagen im Sinne des \u00a7 1 Abs. 2 VermAnlG. [Verm\u00f6gensanlagengesetz &#8211; VermAnlG]<\/li>\n<li>Die Mindestlaufzeit der vermittelten Verm\u00f6gensanlage betr\u00e4gt mehr als 364 Tage.<\/li>\n<li>Als Teilnehmer zugelassen werden nur Unternehmen, die gewerblich f\u00fcr eigene oder fremde Rechnung Wertpapiere oder Verm\u00f6gensanlagen erwerben oder ver\u00e4u\u00dfern. Nat\u00fcrliche Personen sind nur zugelassen, soweit sie ausdr\u00fccklich und nachweislich dazu befugt sind, f\u00fcr Namen und Rechnung eines zugelassenen Teilnehmers auf dem Marktplatz aktiv zu sein.<\/li>\n<\/ol>\n<p><span style=\"color: var( --e-global-color-text ); font-family: var( --e-global-typography-text-font-family ), Sans-serif; font-size: var( --e-global-typography-text-font-size );\">firstwire sowie die Teilnehmer bzw. Nutzer der Website verpflichten sich im Rahmen dieser Nutzungsbedingen dazu, Recht und Gesetz, das geistige Eigentum sowie sonstige Rechte Dritter zu wahren und diese Werte als Nutzer von www.firstwire.market nicht zu verletzen oder zu gef\u00e4hrden. Jeglicher auch nur drohende Versto\u00df berechtigt firstwire ohne weiteres und ohne Ank\u00fcndigung aber unter Abw\u00e4gung aller beteiligten Interessen, den jeweiligen Teilnehmer bzw. Nutzer vom Zugang zur Website auszuschlie\u00dfen.<\/span><\/p>\n<h2>2. Haftungsausschluss<\/h2>\n<ol>\n<li>firstwire \u00fcbernimmt keine Gew\u00e4hr f\u00fcr die Aktualit\u00e4t, Richtigkeit und Vollst\u00e4ndigkeit der auf www.firstwire.market ver\u00f6ffentlichten Informationen. firstwire hat das Recht, die Inhalte der Website jederzeit zu \u00e4ndern, zu erg\u00e4nzen oder zu l\u00f6schen.<\/li>\n<li>Im Falle der Verletzung von Leben, K\u00f6rper oder Gesundheit haften die Parteien einander f\u00fcr Fahrl\u00e4ssigkeit und Vorsatz eines gesetzlichen Vertreters oder Erf\u00fcllungsgehilfen. Im \u00dcbrigen haften die Parteien einander nur f\u00fcr grobe Fahrl\u00e4ssigkeit und Vorsatz.<\/li>\n<li>firstwire ist nicht f\u00fcr Webseiten und deren Inhalte, die durch Links auf der Plattform erreicht werden k\u00f6nnen, verantwortlich.<\/li>\n<li>firstwire ist nicht verantwortlich f\u00fcr das Verhalten von anderen Nutzern oder die von anderen Nutzern zur Verf\u00fcgung gestellten Informationen.<\/li>\n<li>firstwire er\u00f6ffnet den Teilnehmern die M\u00f6glichkeit des Zugangs zur Plattform. firstwire ist nicht verantwortlich f\u00fcr die Schaffung der technischen Voraussetzungen f\u00fcr den Zugang auf Seiten der Teilnehmer.<\/li>\n<li>firstwire bem\u00fcht sich, die Plattform frei von Viren und anderen potentiellen Schadensquellen zu halten, \u00fcbernimmt aber keine Verantwortung hierf\u00fcr.<\/li>\n<li>Sollte firstwire&nbsp;Kenntnis von m\u00f6glichen Rechtsverletzungen erhalten, ist firstwire ohne Weiteres berechtigt, die betroffenen Inhalte zu entfernen.<\/li>\n<li>Die vorstehenden Regelungen gelten auch f\u00fcr mit firstwire verbundene Unternehmen sowie f\u00fcr eine pers\u00f6nliche Haftung der Angestellten, Vertreter, Gesellschafter und Erf\u00fcllungsgehilfen von firstwire und\/oder mit firstwire verbundene Unternehmen.<\/li>\n<li>Die Haftungsbeschr\u00e4nkungen gelten ebenfalls f\u00fcr andere, von oder im Auftrag von firstwire betriebenen, zu www.firstwire.market f\u00fchrenden Domains.<\/li>\n<\/ol>\n<h2>3. Urheberrecht und Markenzeichen<\/h2>\n<p>Diese Webseite ist Eigentum von firstwire. Jegliche Elemente, einschlie\u00dflich Texten, Grafiken, Fotos, Bildern, bewegten Bildern, Ger\u00e4uschen, Illustrationen und Software, stehen im ausschlie\u00dflichen Eigentum von firstwire.<\/p>\n<p>Soweit innerhalb der Webseite keine diesbez\u00fcglichen abweichenden Angaben bestehen, sind die Vervielf\u00e4ltigung, Bearbeitung, \u00dcbersetzung, Speicherung, Verarbeitung, Verlinkung, das Herunterladen der genannten Elemente, insbesondere die Verwendung des Bild- und Textmaterials, unzul\u00e4ssig. Auf Grund des Bestehens von Urheber- und Markenrechten im Hinblick auf die dargebotenen Produkte, ist eine Nachahmung, Vervielf\u00e4ltigung, Bearbeitung und der Verkauf in eigenem Namen ohne schriftliche Genehmigung durch firstwire unzul\u00e4ssig.<\/p>\n<h2>4. Zugang zum Marktplatz und Regelwerk<\/h2>\n<p>Der Zugang zum Marktplatz unterliegt der Zustimmung durch die firstwire. Diese wird im Rahmen eines durch die firstwire festgelegten Zugangsverfahrens erteilt, in dessen Ablauf entscheidungsrelevante Informationen \u00fcber den Teilnehmer und die durch diesen zu benennende Nutzer abgefragt werden.<\/p>\n<p>Nach Feststellung der Eignung als Teilnehmer bzw. Nutzer steht der Zugang zum Marktplatz unter dem Vorbehalt der ausdr\u00fccklichen Annahme des f\u00fcr den Marktplatz geltenden speziellen Regelwerkes in der jeweils aktuellen Fassung durch den Teilnehmer bzw. Nutzer. Das Regelwerk ist auf www.firstwire.market separat ver\u00f6ffentlicht.<\/p>\n<h2>5. Datenschutz<\/h2>\n<p>Die konkreten Bestimmungen des Datenschutzes finden Sie in der gesondert geregelten Datenschutzerkl\u00e4rung auf www.firstwire.market.<\/p>\n<h2>6. Allgemeines<\/h2>\n<p>Die Unwirksamkeit einzelner Bestimmungen dieser Nutzungsbedingungen ber\u00fchrt die Wirksamkeit der \u00fcbrigen Bestimmungen nicht. Unwirksame oder nichtige Bestimmungen sind durch solche zu ersetzen, die nach Inhalt und Zweck der unwirksamen Klausel am n\u00e4chsten kommen. Entsprechendes gilt f\u00fcr Regelungsl\u00fccken dieser Nutzungsbedingungen. Individuelle Abreden gehen diesen Nutzungsbedingungen vor.<\/p>\t\t\t\t\t\t\t\t<\/div>\n\t\t\t\t<\/div>\n\t\t\t\t\t<\/div>\n\t\t<\/div>\n\t\t\t\t\t<\/div>\n\t\t<\/section>\n\t\t\t\t<\/div>\n\t\t","protected":false},"excerpt":{"rendered":"<p>NUTZUNGSBEDINGUNGEN 1. Allgemein Die firstwire GmbH (nachfolgend \u201efirstwire\u201c) ist Betreiber der Website&nbsp;firstwire.market&nbsp;(die \u201eWebsite\u201c) Auf der Website ver\u00f6ffentlicht firstwire Informationen, die das Leistungsangebot der firstwire beschreiben, insbesondere den sog. Marktplatz. Hierbei handelt es sich um einen elektronischen Marktplatz zum Kauf und Verkauf von Verm\u00f6gensanlagen im Sinne von \u00a7 1 Abs. 2 VermAnlG[Verm\u00f6gensanlagengesetz &#8211; VermAnlG] im Prim\u00e4r- [&hellip;]<\/p>\n","protected":false},"author":4,"featured_media":0,"parent":0,"menu_order":0,"comment_status":"closed","ping_status":"closed","template":"elementor_header_footer","meta":{"footnotes":""},"class_list":["post-1049","page","type-page","status-publish","hentry"],"yoast_head":"<!-- This site is optimized with the Yoast SEO plugin v25.3 - https:\/\/yoast.com\/wordpress\/plugins\/seo\/ -->\n<title>Nutzungsbedingungen - firstwire<\/title>\n<meta name=\"robots\" content=\"index, follow, max-snippet:-1, max-image-preview:large, max-video-preview:-1\" \/>\n<link rel=\"canonical\" href=\"https:\/\/firstwire.market\/de\/nutzungsbedingungen\/\" \/>\n<meta property=\"og:locale\" content=\"de_DE\" \/>\n<meta property=\"og:type\" content=\"article\" \/>\n<meta property=\"og:title\" content=\"Nutzungsbedingungen - firstwire\" \/>\n<meta property=\"og:description\" content=\"NUTZUNGSBEDINGUNGEN 1. Allgemein Die firstwire GmbH (nachfolgend \u201efirstwire\u201c) ist Betreiber der Website&nbsp;firstwire.market&nbsp;(die \u201eWebsite\u201c) Auf der Website ver\u00f6ffentlicht firstwire Informationen, die das Leistungsangebot der firstwire beschreiben, insbesondere den sog. Marktplatz. Hierbei handelt es sich um einen elektronischen Marktplatz zum Kauf und Verkauf von Verm\u00f6gensanlagen im Sinne von \u00a7 1 Abs. 2 VermAnlG[Verm\u00f6gensanlagengesetz &#8211; VermAnlG] im Prim\u00e4r- [&hellip;]\" \/>\n<meta property=\"og:url\" content=\"https:\/\/firstwire.market\/de\/nutzungsbedingungen\/\" \/>\n<meta property=\"og:site_name\" content=\"firstwire\" \/>\n<meta property=\"article:modified_time\" content=\"2022-12-02T12:02:46+00:00\" \/>\n<meta name=\"twitter:card\" content=\"summary_large_image\" \/>\n<meta name=\"twitter:label1\" content=\"Gesch\u00e4tzte Lesezeit\" \/>\n\t<meta name=\"twitter:data1\" content=\"4\u00a0Minuten\" \/>\n<script type=\"application\/ld+json\" class=\"yoast-schema-graph\">{\"@context\":\"https:\/\/schema.org\",\"@graph\":[{\"@type\":\"WebPage\",\"@id\":\"https:\/\/firstwire.market\/de\/nutzungsbedingungen\/\",\"url\":\"https:\/\/firstwire.market\/de\/nutzungsbedingungen\/\",\"name\":\"Nutzungsbedingungen - firstwire\",\"isPartOf\":{\"@id\":\"https:\/\/firstwire.market\/de\/#website\"},\"datePublished\":\"2022-06-29T11:50:12+00:00\",\"dateModified\":\"2022-12-02T12:02:46+00:00\",\"inLanguage\":\"de\",\"potentialAction\":[{\"@type\":\"ReadAction\",\"target\":[\"https:\/\/firstwire.market\/de\/nutzungsbedingungen\/\"]}]},{\"@type\":\"WebSite\",\"@id\":\"https:\/\/firstwire.market\/de\/#website\",\"url\":\"https:\/\/firstwire.market\/de\/\",\"name\":\"firstwire\",\"description\":\"Your place for debt capital markets\",\"publisher\":{\"@id\":\"https:\/\/firstwire.market\/de\/#organization\"},\"potentialAction\":[{\"@type\":\"SearchAction\",\"target\":{\"@type\":\"EntryPoint\",\"urlTemplate\":\"https:\/\/firstwire.market\/de\/?s={search_term_string}\"},\"query-input\":{\"@type\":\"PropertyValueSpecification\",\"valueRequired\":true,\"valueName\":\"search_term_string\"}}],\"inLanguage\":\"de\"},{\"@type\":\"Organization\",\"@id\":\"https:\/\/firstwire.market\/de\/#organization\",\"name\":\"firstwire\",\"url\":\"https:\/\/firstwire.market\/de\/\",\"logo\":{\"@type\":\"ImageObject\",\"inLanguage\":\"de\",\"@id\":\"https:\/\/firstwire.market\/de\/#\/schema\/logo\/image\/\",\"url\":\"https:\/\/firstwire.market\/wp-content\/uploads\/2021\/11\/logo-firstwire.svg\",\"contentUrl\":\"https:\/\/firstwire.market\/wp-content\/uploads\/2021\/11\/logo-firstwire.svg\",\"width\":162,\"height\":72,\"caption\":\"firstwire\"},\"image\":{\"@id\":\"https:\/\/firstwire.market\/de\/#\/schema\/logo\/image\/\"}}]}<\/script>\n<!-- \/ Yoast SEO plugin. -->","yoast_head_json":{"title":"Nutzungsbedingungen - firstwire","robots":{"index":"index","follow":"follow","max-snippet":"max-snippet:-1","max-image-preview":"max-image-preview:large","max-video-preview":"max-video-preview:-1"},"canonical":"https:\/\/firstwire.market\/de\/nutzungsbedingungen\/","og_locale":"de_DE","og_type":"article","og_title":"Nutzungsbedingungen - firstwire","og_description":"NUTZUNGSBEDINGUNGEN 1. Allgemein Die firstwire GmbH (nachfolgend \u201efirstwire\u201c) ist Betreiber der Website&nbsp;firstwire.market&nbsp;(die \u201eWebsite\u201c) Auf der Website ver\u00f6ffentlicht firstwire Informationen, die das Leistungsangebot der firstwire beschreiben, insbesondere den sog. Marktplatz. Hierbei handelt es sich um einen elektronischen Marktplatz zum Kauf und Verkauf von Verm\u00f6gensanlagen im Sinne von \u00a7 1 Abs. 2 VermAnlG[Verm\u00f6gensanlagengesetz &#8211; VermAnlG] im Prim\u00e4r- [&hellip;]","og_url":"https:\/\/firstwire.market\/de\/nutzungsbedingungen\/","og_site_name":"firstwire","article_modified_time":"2022-12-02T12:02:46+00:00","twitter_card":"summary_large_image","twitter_misc":{"Gesch\u00e4tzte Lesezeit":"4\u00a0Minuten"},"schema":{"@context":"https:\/\/schema.org","@graph":[{"@type":"WebPage","@id":"https:\/\/firstwire.market\/de\/nutzungsbedingungen\/","url":"https:\/\/firstwire.market\/de\/nutzungsbedingungen\/","name":"Nutzungsbedingungen - firstwire","isPartOf":{"@id":"https:\/\/firstwire.market\/de\/#website"},"datePublished":"2022-06-29T11:50:12+00:00","dateModified":"2022-12-02T12:02:46+00:00","inLanguage":"de","potentialAction":[{"@type":"ReadAction","target":["https:\/\/firstwire.market\/de\/nutzungsbedingungen\/"]}]},{"@type":"WebSite","@id":"https:\/\/firstwire.market\/de\/#website","url":"https:\/\/firstwire.market\/de\/","name":"firstwire","description":"Your place for debt capital markets","publisher":{"@id":"https:\/\/firstwire.market\/de\/#organization"},"potentialAction":[{"@type":"SearchAction","target":{"@type":"EntryPoint","urlTemplate":"https:\/\/firstwire.market\/de\/?s={search_term_string}"},"query-input":{"@type":"PropertyValueSpecification","valueRequired":true,"valueName":"search_term_string"}}],"inLanguage":"de"},{"@type":"Organization","@id":"https:\/\/firstwire.market\/de\/#organization","name":"firstwire","url":"https:\/\/firstwire.market\/de\/","logo":{"@type":"ImageObject","inLanguage":"de","@id":"https:\/\/firstwire.market\/de\/#\/schema\/logo\/image\/","url":"https:\/\/firstwire.market\/wp-content\/uploads\/2021\/11\/logo-firstwire.svg","contentUrl":"https:\/\/firstwire.market\/wp-content\/uploads\/2021\/11\/logo-firstwire.svg","width":162,"height":72,"caption":"firstwire"},"image":{"@id":"https:\/\/firstwire.market\/de\/#\/schema\/logo\/image\/"}}]}},"_links":{"self":[{"href":"https:\/\/firstwire.market\/de\/wp-json\/wp\/v2\/pages\/1049","targetHints":{"allow":["GET"]}}],"collection":[{"href":"https:\/\/firstwire.market\/de\/wp-json\/wp\/v2\/pages"}],"about":[{"href":"https:\/\/firstwire.market\/de\/wp-json\/wp\/v2\/types\/page"}],"author":[{"embeddable":true,"href":"https:\/\/firstwire.market\/de\/wp-json\/wp\/v2\/users\/4"}],"replies":[{"embeddable":true,"href":"https:\/\/firstwire.market\/de\/wp-json\/wp\/v2\/comments?post=1049"}],"version-history":[{"count":17,"href":"https:\/\/firstwire.market\/de\/wp-json\/wp\/v2\/pages\/1049\/revisions"}],"predecessor-version":[{"id":1380,"href":"https:\/\/firstwire.market\/de\/wp-json\/wp\/v2\/pages\/1049\/revisions\/1380"}],"wp:attachment":[{"href":"https:\/\/firstwire.market\/de\/wp-json\/wp\/v2\/media?parent=1049"}],"curies":[{"name":"wp","href":"https:\/\/api.w.org\/{rel}","templated":true}]}}