{"id":1014,"date":"2022-05-30T16:42:13","date_gmt":"2022-05-30T14:42:13","guid":{"rendered":"https:\/\/firstwire.market\/impressum\/"},"modified":"2025-10-02T14:51:22","modified_gmt":"2025-10-02T12:51:22","slug":"impressum","status":"publish","type":"page","link":"https:\/\/firstwire.market\/de\/impressum\/","title":{"rendered":"Impressum"},"content":{"rendered":"\t\t<div data-elementor-type=\"wp-page\" data-elementor-id=\"1014\" class=\"elementor elementor-1014\" data-elementor-post-type=\"page\">\n\t\t\t\t\t\t<section class=\"elementor-section elementor-top-section elementor-element elementor-element-fa52e18 elementor-section-boxed elementor-section-height-default elementor-section-height-default\" data-id=\"fa52e18\" data-element_type=\"section\">\n\t\t\t\t\t\t<div class=\"elementor-container elementor-column-gap-default\">\n\t\t\t\t\t<div class=\"elementor-column elementor-col-100 elementor-top-column elementor-element elementor-element-0df62cd\" data-id=\"0df62cd\" data-element_type=\"column\">\n\t\t\t<div class=\"elementor-widget-wrap elementor-element-populated\">\n\t\t\t\t\t\t<div class=\"elementor-element elementor-element-8c8b84f elementor-widget elementor-widget-heading\" data-id=\"8c8b84f\" data-element_type=\"widget\" data-widget_type=\"heading.default\">\n\t\t\t\t<div class=\"elementor-widget-container\">\n\t\t\t\t\t<h1 class=\"elementor-heading-title elementor-size-default\">IMPRESSUM<\/h1>\t\t\t\t<\/div>\n\t\t\t\t<\/div>\n\t\t\t\t\t<\/div>\n\t\t<\/div>\n\t\t\t\t\t<\/div>\n\t\t<\/section>\n\t\t\t\t<section class=\"elementor-section elementor-top-section elementor-element elementor-element-62eb5bc elementor-section-boxed elementor-section-height-default elementor-section-height-default\" data-id=\"62eb5bc\" data-element_type=\"section\">\n\t\t\t\t\t\t<div class=\"elementor-container elementor-column-gap-default\">\n\t\t\t\t\t<div class=\"elementor-column elementor-col-100 elementor-top-column elementor-element elementor-element-e81d040\" data-id=\"e81d040\" data-element_type=\"column\">\n\t\t\t<div class=\"elementor-widget-wrap elementor-element-populated\">\n\t\t\t\t\t\t<div class=\"elementor-element elementor-element-65fbc7d elementor-widget elementor-widget-text-editor\" data-id=\"65fbc7d\" data-element_type=\"widget\" data-widget_type=\"text-editor.default\">\n\t\t\t\t<div class=\"elementor-widget-container\">\n\t\t\t\t\t\t\t\t\t<p><strong>firstwire GmbH<\/strong><br>Siegburger Stra\u00dfe 149-151<br>50679 K\u00f6ln\/Germany<\/p>\n<p>Gesch\u00e4ftsf\u00fchrer: Michael Dreiner<br>Tel.: +49 (0) 221 677 78 85 &#8211; 0<br>Fax: +49 (0) 221 677 78 85 &#8211; 9<br>E-Mail:&nbsp;<a href=\"mailto:info@firstwire.market\">info@firstwire.market<\/a><\/p>\n<p>Beaufsichtigt durch die Gewerbeaufsicht K\u00f6ln sowie die IHK K\u00f6ln[IHK K\u00f6ln] gem. \u00a7\u00a7 34c und 34f GewO [Gewerbeordnung \u2013 GewO]<\/p>\n<p>Eingetragen im Handelsregister beim Amtsgericht K\u00f6ln unter HRB 84989<\/p>\t\t\t\t\t\t\t\t<\/div>\n\t\t\t\t<\/div>\n\t\t\t\t<div class=\"elementor-element elementor-element-5ed749c elementor-widget elementor-widget-text-editor\" data-id=\"5ed749c\" data-element_type=\"widget\" data-widget_type=\"text-editor.default\">\n\t\t\t\t<div class=\"elementor-widget-container\">\n\t\t\t\t\t\t\t\t\t<p>Web Development &amp; Design: <a href=\"https:\/\/the-platform-group.com\/\">The Platform Group<\/a><\/p>\t\t\t\t\t\t\t\t<\/div>\n\t\t\t\t<\/div>\n\t\t\t\t\t<\/div>\n\t\t<\/div>\n\t\t\t\t\t<\/div>\n\t\t<\/section>\n\t\t\t\t<\/div>\n\t\t","protected":false},"excerpt":{"rendered":"<p>IMPRESSUM firstwire GmbHSiegburger Stra\u00dfe 149-15150679 K\u00f6ln\/Germany Gesch\u00e4ftsf\u00fchrer: Michael DreinerTel.: +49 (0) 221 677 78 85 &#8211; 0Fax: +49 (0) 221 677 78 85 &#8211; 9E-Mail:&nbsp;info@firstwire.market Beaufsichtigt durch die Gewerbeaufsicht K\u00f6ln sowie die IHK K\u00f6ln[IHK K\u00f6ln] gem. \u00a7\u00a7 34c und 34f GewO [Gewerbeordnung \u2013 GewO] Eingetragen im Handelsregister beim Amtsgericht K\u00f6ln unter HRB 84989 Web Development [&hellip;]<\/p>\n","protected":false},"author":4,"featured_media":0,"parent":0,"menu_order":0,"comment_status":"closed","ping_status":"closed","template":"elementor_header_footer","meta":{"footnotes":""},"class_list":["post-1014","page","type-page","status-publish","hentry"],"yoast_head":"<!-- This site is optimized with the Yoast SEO plugin v25.3 - https:\/\/yoast.com\/wordpress\/plugins\/seo\/ -->\n<title>Impressum - firstwire<\/title>\n<meta name=\"robots\" content=\"index, follow, max-snippet:-1, max-image-preview:large, max-video-preview:-1\" \/>\n<link rel=\"canonical\" href=\"https:\/\/firstwire.market\/de\/impressum\/\" \/>\n<meta property=\"og:locale\" content=\"de_DE\" \/>\n<meta property=\"og:type\" content=\"article\" \/>\n<meta property=\"og:title\" content=\"Impressum - firstwire\" \/>\n<meta property=\"og:description\" content=\"IMPRESSUM firstwire GmbHSiegburger Stra\u00dfe 149-15150679 K\u00f6ln\/Germany Gesch\u00e4ftsf\u00fchrer: Michael DreinerTel.: +49 (0) 221 677 78 85 &#8211; 0Fax: +49 (0) 221 677 78 85 &#8211; 9E-Mail:&nbsp;info@firstwire.market Beaufsichtigt durch die Gewerbeaufsicht K\u00f6ln sowie die IHK K\u00f6ln[IHK K\u00f6ln] gem. \u00a7\u00a7 34c und 34f GewO [Gewerbeordnung \u2013 GewO] Eingetragen im Handelsregister beim Amtsgericht K\u00f6ln unter HRB 84989 Web Development [&hellip;]\" \/>\n<meta property=\"og:url\" content=\"https:\/\/firstwire.market\/de\/impressum\/\" \/>\n<meta property=\"og:site_name\" content=\"firstwire\" \/>\n<meta property=\"article:modified_time\" content=\"2025-10-02T12:51:22+00:00\" \/>\n<meta name=\"twitter:card\" content=\"summary_large_image\" \/>\n<meta name=\"twitter:label1\" content=\"Gesch\u00e4tzte Lesezeit\" \/>\n\t<meta name=\"twitter:data1\" content=\"1\u00a0Minute\" \/>\n<script type=\"application\/ld+json\" class=\"yoast-schema-graph\">{\"@context\":\"https:\/\/schema.org\",\"@graph\":[{\"@type\":\"WebPage\",\"@id\":\"https:\/\/firstwire.market\/de\/impressum\/\",\"url\":\"https:\/\/firstwire.market\/de\/impressum\/\",\"name\":\"Impressum - firstwire\",\"isPartOf\":{\"@id\":\"https:\/\/firstwire.market\/de\/#website\"},\"datePublished\":\"2022-05-30T14:42:13+00:00\",\"dateModified\":\"2025-10-02T12:51:22+00:00\",\"inLanguage\":\"de\",\"potentialAction\":[{\"@type\":\"ReadAction\",\"target\":[\"https:\/\/firstwire.market\/de\/impressum\/\"]}]},{\"@type\":\"WebSite\",\"@id\":\"https:\/\/firstwire.market\/de\/#website\",\"url\":\"https:\/\/firstwire.market\/de\/\",\"name\":\"firstwire\",\"description\":\"Your place for debt capital markets\",\"publisher\":{\"@id\":\"https:\/\/firstwire.market\/de\/#organization\"},\"potentialAction\":[{\"@type\":\"SearchAction\",\"target\":{\"@type\":\"EntryPoint\",\"urlTemplate\":\"https:\/\/firstwire.market\/de\/?s={search_term_string}\"},\"query-input\":{\"@type\":\"PropertyValueSpecification\",\"valueRequired\":true,\"valueName\":\"search_term_string\"}}],\"inLanguage\":\"de\"},{\"@type\":\"Organization\",\"@id\":\"https:\/\/firstwire.market\/de\/#organization\",\"name\":\"firstwire\",\"url\":\"https:\/\/firstwire.market\/de\/\",\"logo\":{\"@type\":\"ImageObject\",\"inLanguage\":\"de\",\"@id\":\"https:\/\/firstwire.market\/de\/#\/schema\/logo\/image\/\",\"url\":\"https:\/\/firstwire.market\/wp-content\/uploads\/2021\/11\/logo-firstwire.svg\",\"contentUrl\":\"https:\/\/firstwire.market\/wp-content\/uploads\/2021\/11\/logo-firstwire.svg\",\"width\":162,\"height\":72,\"caption\":\"firstwire\"},\"image\":{\"@id\":\"https:\/\/firstwire.market\/de\/#\/schema\/logo\/image\/\"}}]}<\/script>\n<!-- \/ Yoast SEO plugin. -->","yoast_head_json":{"title":"Impressum - firstwire","robots":{"index":"index","follow":"follow","max-snippet":"max-snippet:-1","max-image-preview":"max-image-preview:large","max-video-preview":"max-video-preview:-1"},"canonical":"https:\/\/firstwire.market\/de\/impressum\/","og_locale":"de_DE","og_type":"article","og_title":"Impressum - firstwire","og_description":"IMPRESSUM firstwire GmbHSiegburger Stra\u00dfe 149-15150679 K\u00f6ln\/Germany Gesch\u00e4ftsf\u00fchrer: Michael DreinerTel.: +49 (0) 221 677 78 85 &#8211; 0Fax: +49 (0) 221 677 78 85 &#8211; 9E-Mail:&nbsp;info@firstwire.market Beaufsichtigt durch die Gewerbeaufsicht K\u00f6ln sowie die IHK K\u00f6ln[IHK K\u00f6ln] gem. \u00a7\u00a7 34c und 34f GewO [Gewerbeordnung \u2013 GewO] Eingetragen im Handelsregister beim Amtsgericht K\u00f6ln unter HRB 84989 Web Development [&hellip;]","og_url":"https:\/\/firstwire.market\/de\/impressum\/","og_site_name":"firstwire","article_modified_time":"2025-10-02T12:51:22+00:00","twitter_card":"summary_large_image","twitter_misc":{"Gesch\u00e4tzte Lesezeit":"1\u00a0Minute"},"schema":{"@context":"https:\/\/schema.org","@graph":[{"@type":"WebPage","@id":"https:\/\/firstwire.market\/de\/impressum\/","url":"https:\/\/firstwire.market\/de\/impressum\/","name":"Impressum - firstwire","isPartOf":{"@id":"https:\/\/firstwire.market\/de\/#website"},"datePublished":"2022-05-30T14:42:13+00:00","dateModified":"2025-10-02T12:51:22+00:00","inLanguage":"de","potentialAction":[{"@type":"ReadAction","target":["https:\/\/firstwire.market\/de\/impressum\/"]}]},{"@type":"WebSite","@id":"https:\/\/firstwire.market\/de\/#website","url":"https:\/\/firstwire.market\/de\/","name":"firstwire","description":"Your place for debt capital markets","publisher":{"@id":"https:\/\/firstwire.market\/de\/#organization"},"potentialAction":[{"@type":"SearchAction","target":{"@type":"EntryPoint","urlTemplate":"https:\/\/firstwire.market\/de\/?s={search_term_string}"},"query-input":{"@type":"PropertyValueSpecification","valueRequired":true,"valueName":"search_term_string"}}],"inLanguage":"de"},{"@type":"Organization","@id":"https:\/\/firstwire.market\/de\/#organization","name":"firstwire","url":"https:\/\/firstwire.market\/de\/","logo":{"@type":"ImageObject","inLanguage":"de","@id":"https:\/\/firstwire.market\/de\/#\/schema\/logo\/image\/","url":"https:\/\/firstwire.market\/wp-content\/uploads\/2021\/11\/logo-firstwire.svg","contentUrl":"https:\/\/firstwire.market\/wp-content\/uploads\/2021\/11\/logo-firstwire.svg","width":162,"height":72,"caption":"firstwire"},"image":{"@id":"https:\/\/firstwire.market\/de\/#\/schema\/logo\/image\/"}}]}},"_links":{"self":[{"href":"https:\/\/firstwire.market\/de\/wp-json\/wp\/v2\/pages\/1014","targetHints":{"allow":["GET"]}}],"collection":[{"href":"https:\/\/firstwire.market\/de\/wp-json\/wp\/v2\/pages"}],"about":[{"href":"https:\/\/firstwire.market\/de\/wp-json\/wp\/v2\/types\/page"}],"author":[{"embeddable":true,"href":"https:\/\/firstwire.market\/de\/wp-json\/wp\/v2\/users\/4"}],"replies":[{"embeddable":true,"href":"https:\/\/firstwire.market\/de\/wp-json\/wp\/v2\/comments?post=1014"}],"version-history":[{"count":11,"href":"https:\/\/firstwire.market\/de\/wp-json\/wp\/v2\/pages\/1014\/revisions"}],"predecessor-version":[{"id":5524,"href":"https:\/\/firstwire.market\/de\/wp-json\/wp\/v2\/pages\/1014\/revisions\/5524"}],"wp:attachment":[{"href":"https:\/\/firstwire.market\/de\/wp-json\/wp\/v2\/media?parent=1014"}],"curies":[{"name":"wp","href":"https:\/\/api.w.org\/{rel}","templated":true}]}}